{"id":14399,"date":"2019-09-29T23:06:58","date_gmt":"2019-09-29T20:06:58","guid":{"rendered":"https:\/\/debesyla.lt\/uzrasai\/?page_id=14399"},"modified":"2023-07-04T13:50:50","modified_gmt":"2023-07-04T10:50:50","slug":"apie","status":"publish","type":"page","link":"https:\/\/debesyla.lt\/uzrasai\/lv\/par\/","title":{"rendered":"Kas ir &quot;piez\u012bmes&quot;? <i>Tie ir melnraksti \ud83d\ude09<\/i>"},"content":{"rendered":"<p>Es nem\u0113\u0123in\u0101ju pabeigt \u0161os tekstus.<\/p>\n<p>Ne t\u0101p\u0113c, ka es b\u016btu milzu sli\u0146\u0137is. (<a href=\"https:\/\/debesyla.lt\/uzrasai\/lv\/tm\/\">Jo es tie\u0161\u0101m esmu<\/a>.) Bet t\u0101p\u0113c, ka ne visus tekstus ir v\u0113rts pabeigt. Es nevaru salikt visas piez\u012bmes pilnos rakstos. Ne visas idejas k\u013c\u016bst par pilniem rakstiem\u2026<\/p>\n<ol>\n<li>Ja v\u0113laties kvalit\u0101ti:\u00a0<strong><a href=\"https:\/\/debesyla.lt\/uzrasai\/lv\/straipsniai\/\">Pilnus rakstus lasiet vietn\u0113 Debesyla.lt<\/a>.<br \/>\n<\/strong><\/li>\n<li>Ja v\u0113laties tikai idejas: <strong><a href=\"https:\/\/debesyla.lt\/uzrasai\/lv\/\">Las\u012bt Piez\u012bmes<\/a>.<\/strong><\/li>\n<\/ol>\n<p>Tas ir viss!<\/p>\n<div id=\"parasas\" class=\"\"><svg viewbox=\"0 0 900 189\" width=\"200\">\n        <path class=\"d-1\" d=\"M67 50L5 172\"\/>\n        <path class=\"d-2\" d=\"M19 152c7 8 30 33 59 32 41-1 76-46 80-100 2-22-6-77-42-79C61 2-1 54 46 76\"\/>\n        <path class=\"a\" d=\"M204 126.9c1.4-6-1-23.7-8.8-23.3-33.2 1-44 50-31 54 11 3 22-10 36-25 2-3 14 9 25 10\"\/>\n        <path class=\"nie\" d=\"M211 157c45-44 65-58 70-54 6 5-16 42-12 45 6 4 47-55 57-49 7 4-7 34 4 47 8 11 20 7 28 1 18-14 28-28 27-22s-5 38 46 16c21-9 22-29 13-36-3-2-16 6-16 16-1 18 14 29 37 28\"\/>\n        <path class=\"t-1\" d=\"M387 80a1 1 0 1 0 2 0 1 1 0 1 0-2 0\"\/>\n        <path class=\"liu\" d=\"M444 184C549 88 546 23 536 23c-19 0-57 74-57 122 0 4 5 13 13 16 5 3 11 2 16 1 6-1 11-6 17-10l39-32c0 6-2 8-3 14-2 7-2 10 1 14l5 4c6 3 14 1 20-1 17-7 26-19 44-29 3-1 8-4 12-2l5 6c4 11 1 16 4 22s13 10 20 8 12-9 13-14l4-13 3-5 6-4 13-5c3-1 6-3 10-8\"\/>\n        <path class=\"t-2\" d=\"M576 85a1 1 0 1 0 2 0 1 1 0 1 0-2 0\"\/>\n        <path class=\"s-1\" d=\"M720 142c8 2 27 3 35-3 6-4-18-36-22-32-3 4-6 19-30 65\"\/>\n        <path class=\"s-2\" d=\"M756 140c4-1 9-4 12-8\"\/><\/svg>\n    <\/div>\n    <noscript><img decoding=\"async\" src=\"https:\/\/debesyla.lt\/uzrasai\/wp-content\/themes\/debesyla-uzrasai-child\/inc\/img\/fallback-parasas.png\" alt=\"Daniels\" style=\"top: -2.5em; position: relative;\"><\/noscript>","protected":false},"excerpt":{"rendered":"<p>Es nem\u0113\u0123in\u0101ju pabeigt \u0161os tekstus.<\/p>","protected":false},"author":1,"featured_media":0,"parent":0,"menu_order":0,"comment_status":"closed","ping_status":"closed","template":"","meta":{"footnotes":""},"class_list":["post-14399","page","type-page","status-publish"],"_links":{"self":[{"href":"https:\/\/debesyla.lt\/uzrasai\/lv\/wp-json\/wp\/v2\/pages\/14399","targetHints":{"allow":["GET"]}}],"collection":[{"href":"https:\/\/debesyla.lt\/uzrasai\/lv\/wp-json\/wp\/v2\/pages"}],"about":[{"href":"https:\/\/debesyla.lt\/uzrasai\/lv\/wp-json\/wp\/v2\/types\/page"}],"author":[{"embeddable":true,"href":"https:\/\/debesyla.lt\/uzrasai\/lv\/wp-json\/wp\/v2\/users\/1"}],"replies":[{"embeddable":true,"href":"https:\/\/debesyla.lt\/uzrasai\/lv\/wp-json\/wp\/v2\/comments?post=14399"}],"version-history":[{"count":1,"href":"https:\/\/debesyla.lt\/uzrasai\/lv\/wp-json\/wp\/v2\/pages\/14399\/revisions"}],"predecessor-version":[{"id":17839,"href":"https:\/\/debesyla.lt\/uzrasai\/lv\/wp-json\/wp\/v2\/pages\/14399\/revisions\/17839"}],"wp:attachment":[{"href":"https:\/\/debesyla.lt\/uzrasai\/lv\/wp-json\/wp\/v2\/media?parent=14399"}],"curies":[{"name":"wp","href":"https:\/\/api.w.org\/{rel}","templated":true}]}}