{"id":15939,"date":"2019-09-04T18:54:47","date_gmt":"2019-09-04T15:54:47","guid":{"rendered":"https:\/\/debesyla.lt\/?page_id=15939"},"modified":"2021-02-19T21:47:26","modified_gmt":"2021-02-19T19:47:26","slug":"tkp","status":"publish","type":"page","link":"https:\/\/debesyla.lt\/lv\/tkp\/","title":{"rendered":"Emu\u0101rs, kas p\u0101rdod"},"content":{"rendered":"<h1 style=\"text-align: center;\"><strong>Emu\u0101rs, kas p\u0101rdod.<\/strong> Ieguvumi uz\u0146\u0113mumam un klientam.<\/h1>\n<p>Att\u0113ls ir viss! Jau no pirm\u0101 \"sveiksimies\" klients nov\u0113rt\u0113, vai jums uzticas vai n\u0113. Vai esat padom\u0101jis, k\u0101 s\u0101kt veidot savu t\u0113lu? <strong>l\u012bdz <\/strong>pirmais sveiciens ar klientu?<\/p>\n<p><span style=\"width: 100%;\"><img decoding=\"async\" alt=\"\" width=\"600\" height=\"433\" title=\"jurgita-and-danielius-transparent\" data-id=\"15931\" src=\"https:\/\/debesyla.lt\/wp-content\/uploads\/2019\/09\/jurgita-ir-danielius-transparent.png\" style=\"\"><\/span><\/p>\n<p>Jurgita Raudon\u012bte (Verslios p\u016bces)<\/p>\n<p>Satura m\u0101rketinga speci\u0101lists<\/p>\n<p>+<\/p>\n<p>Danielius Goriunovs (Debesyla)<\/p>\n<p>Rakstniece, izaicin\u0101jumu fan\u0101ti\u0137e<\/p>\n<p>\u0160ie <strong>7<\/strong><strong>ned\u0113\u013cas <\/strong><strong>ilgums <\/strong>Apm\u0101c\u012bb\u0101s uzzin\u0101siet:<\/p>\n<\/p>\n<p><strong>1)<\/strong> K\u0101 izveidot emu\u0101ru WordPress platform\u0101;<strong> <\/strong><\/p>\n<p><strong>2)<\/strong> K\u0101 un k\u0101du saturu iek\u013caut sav\u0101 jaunaj\u0101 emu\u0101r\u0101;<\/p>\n<p><strong>3)<\/strong> K\u0101 izmantot soci\u0101los t\u012bklus satura izplat\u012b\u0161anai;<\/p>\n<p><strong>4) <\/strong>K\u0101 nov\u0113rt\u0113t satura rezult\u0101tus;<\/p>\n<p><strong>5)<\/strong> K\u0101 optimiz\u0113t savu emu\u0101ru uz\u0146\u0113m\u0113jdarb\u012bbai!<\/p>\n<\/p>\n<p>V\u0113laties uzzin\u0101t vair\u0101k? Sniedziet mums savu e-pasta adresi, un m\u0113s nos\u016bt\u012bsim jums s\u012bk\u0101ku inform\u0101ciju!<\/p>\n<p style=\"text-align: center;\">Blogs ir uzticams veids, k\u0101 dal\u012bties sav\u0101s zin\u0101\u0161an\u0101s, <strong>prezent\u0113t sevi un p\u0101rdot savus pakalpojumus.<\/strong> potenci\u0101lajam klientam pirms tie\u0161a kontakta.<\/p>\n<p style=\"text-align: center;\">\n<p style=\"text-align: center;\"><em>Uzziniet vair\u0101k jau \u0161odien:<\/em><\/p>\n<p style=\"text-align: center;\">\u00a9 2019 Debesyla + Uz\u0146\u0113m\u012bg\u0101s p\u016bces<\/p>","protected":false},"excerpt":{"rendered":"<h1 style=\"text-align: center;\"><strong>Emu\u0101rs, kas p\u0101rdod.<\/strong> Ieguvumi uz\u0146\u0113mumam un klientam.<\/h1>\n<p>Att\u0113ls ir viss! Jau no pirm\u0101 \"sveiksimies\" klients nov\u0113rt\u0113, vai jums uzticas vai n\u0113. Vai esat padom\u0101jis, k\u0101 s\u0101kt veidot savu t\u0113lu? <strong>l\u012bdz <\/strong>pirmais sveiciens ar klientu?<\/p>","protected":false},"author":1,"featured_media":0,"parent":0,"menu_order":0,"comment_status":"closed","ping_status":"closed","template":"blank-wide-page.php","meta":{"footnotes":"","tve_updated_post":"","tve_custom_css":"","tve_user_custom_css":"","tve_globals":{},"tcb2_ready":1,"tcb_editor_enabled":1,"tve_landing_page":"tcb2-prolayers-coming-soon","_tve_header":"0","_tve_footer":"0"},"class_list":["post-15939","page","type-page","status-publish"],"_links":{"self":[{"href":"https:\/\/debesyla.lt\/lv\/wp-json\/wp\/v2\/pages\/15939","targetHints":{"allow":["GET"]}}],"collection":[{"href":"https:\/\/debesyla.lt\/lv\/wp-json\/wp\/v2\/pages"}],"about":[{"href":"https:\/\/debesyla.lt\/lv\/wp-json\/wp\/v2\/types\/page"}],"author":[{"embeddable":true,"href":"https:\/\/debesyla.lt\/lv\/wp-json\/wp\/v2\/users\/1"}],"replies":[{"embeddable":true,"href":"https:\/\/debesyla.lt\/lv\/wp-json\/wp\/v2\/comments?post=15939"}],"version-history":[{"count":0,"href":"https:\/\/debesyla.lt\/lv\/wp-json\/wp\/v2\/pages\/15939\/revisions"}],"wp:attachment":[{"href":"https:\/\/debesyla.lt\/lv\/wp-json\/wp\/v2\/media?parent=15939"}],"curies":[{"name":"wp","href":"https:\/\/api.w.org\/{rel}","templated":true}]}}