{"id":15924,"date":"2019-09-04T18:21:25","date_gmt":"2019-09-04T15:21:25","guid":{"rendered":"https:\/\/debesyla.lt\/?page_id=15924"},"modified":"2019-09-04T18:23:53","modified_gmt":"2019-09-04T15:23:53","slug":"perspektyva","status":"publish","type":"page","link":"https:\/\/debesyla.lt\/lv\/perspektiva\/","title":{"rendered":"Perspekt\u012bva: <i>K\u0101 tu uztver pasauli?<\/i>"},"content":{"rendered":"<p>Apskatiet zem\u0101k eso\u0161\u0101s brilles. Tie ir tie\u0161i t\u0101di pa\u0161i, ta\u010du da\u017e\u0101di cilv\u0113ki tos v\u0113rt\u0113 at\u0161\u0137ir\u012bgi. K\u0101 ar tavu dz\u012bvi? K\u0101 tu vi\u0146u redzi?<img decoding=\"async\" src=\"https:\/\/debesyla.lt\/wp-content\/uploads\/2019\/09\/perspektyva.jpg\" alt=\"\" width=\"955\" height=\"232\" \/><\/p>\n<p>Izm\u0113\u0123in\u0101sim vienk\u0101r\u0161u vingrin\u0101jumu. Es to izmantoju, ja \u0161\u0137iet, ka lietas sabr\u016bk, piem\u0113ram, nejau\u0161i izdz\u0113\u0161ot visas gr\u0101matas melnrakstu (j\u0101, tas ir noticis ar mani...).<\/p>\n<p>Bet p\u0113c \u0161\u012b vingrin\u0101juma mana attieksme main\u0101s un es ieg\u016bstu jaunus sp\u0113kus!<\/p>\n<p><strong>Veiciet vingrin\u0101jumu:<\/strong><\/p>\n<ol>\n<li>Izv\u0113lieties vienu personisku probl\u0113mu, ar kuru j\u016bs saskaraties \u0161aj\u0101s dien\u0101s.<\/li>\n<li>Tad atbildiet sev: ko j\u016bs varat m\u0101c\u012bties no t\u0101 risin\u0101\u0161anas?<\/li>\n<li>Un visbeidzot: nosauciet savu probl\u0113mu! Nosauc t\u0101s b\u016bt\u012bbu!<\/li>\n<\/ol>\n<p>Piem\u0113ram\u2026<\/p>\n<ol>\n<li>Man ir bezgal\u012bgi daudz kav\u0113jumu, un mani p\u0101r\u0146em v\u0113stules par kav\u0113\u0161anos.<\/li>\n<li>Tiekot gal\u0101 ar nepabeigto darbu katastrofu, uzzin\u0101\u0161u a) k\u0101 str\u0101d\u0101t efekt\u012bv\u0101k, b) k\u0101 neuz\u0146emties miljonu uzdevumu uzreiz un c) k\u0101 tikt gal\u0101 ar stresu.<\/li>\n<li>Un es varu nosaukt \u0161o nepatik\u0161anu par &quot;nelaimi, kas pal\u012bdz\u0113s str\u0101d\u0101t ar galvu&quot;!<\/li>\n<\/ol>\n<p>\u2026Un j\u0101, \u0161is ir \u013coti personisks piem\u0113rs. Tas notika ar mani \u0161oned\u0113\u013c. \ud83d\ude42 T\u0101tad ir j\u016bsu k\u0101rta. K\u0101da probl\u0113ma-nav-probl\u0113ma tev ir?<\/p>\n<div id=\"parasas\" class=\"\"><svg viewbox=\"0 0 900 189\" width=\"200\">\n        <path class=\"d-1\" d=\"M67 50L5 172\"\/>\n        <path class=\"d-2\" d=\"M19 152c7 8 30 33 59 32 41-1 76-46 80-100 2-22-6-77-42-79C61 2-1 54 46 76\"\/>\n        <path class=\"a\" d=\"M204 126.9c1.4-6-1-23.7-8.8-23.3-33.2 1-44 50-31 54 11 3 22-10 36-25 2-3 14 9 25 10\"\/>\n        <path class=\"nie\" d=\"M211 157c45-44 65-58 70-54 6 5-16 42-12 45 6 4 47-55 57-49 7 4-7 34 4 47 8 11 20 7 28 1 18-14 28-28 27-22s-5 38 46 16c21-9 22-29 13-36-3-2-16 6-16 16-1 18 14 29 37 28\"\/>\n        <path class=\"t-1\" d=\"M387 80a1 1 0 1 0 2 0 1 1 0 1 0-2 0\"\/>\n        <path class=\"liu\" d=\"M444 184C549 88 546 23 536 23c-19 0-57 74-57 122 0 4 5 13 13 16 5 3 11 2 16 1 6-1 11-6 17-10l39-32c0 6-2 8-3 14-2 7-2 10 1 14l5 4c6 3 14 1 20-1 17-7 26-19 44-29 3-1 8-4 12-2l5 6c4 11 1 16 4 22s13 10 20 8 12-9 13-14l4-13 3-5 6-4 13-5c3-1 6-3 10-8\"\/>\n        <path class=\"t-2\" d=\"M576 85a1 1 0 1 0 2 0 1 1 0 1 0-2 0\"\/>\n        <path class=\"s-1\" d=\"M720 142c8 2 27 3 35-3 6-4-18-36-22-32-3 4-6 19-30 65\"\/>\n        <path class=\"s-2\" d=\"M756 140c4-1 9-4 12-8\"\/><\/svg>\n    <\/div>\n    <noscript><img decoding=\"async\" src=\"https:\/\/debesyla.lt\/wp-content\/themes\/debesyla\/inc\/img\/fallback-parasas.png\" alt=\"Daniels\" style=\"top: -2.5em; position: relative;\"><\/noscript>","protected":false},"excerpt":{"rendered":"<p>Apskatiet zem\u0101k eso\u0161\u0101s brilles. Tie ir tie\u0161i t\u0101di pa\u0161i, ta\u010du da\u017e\u0101di cilv\u0113ki tos v\u0113rt\u0113 at\u0161\u0137ir\u012bgi. K\u0101 ar tavu dz\u012bvi? K\u0101 tu vi\u0146u redzi?<\/p>","protected":false},"author":1,"featured_media":0,"parent":0,"menu_order":0,"comment_status":"open","ping_status":"closed","template":"","meta":{"footnotes":"","tve_updated_post":"","tve_custom_css":"","tve_user_custom_css":"","tve_globals":{},"tcb2_ready":0,"tcb_editor_enabled":0,"tve_landing_page":"","_tve_header":"","_tve_footer":""},"class_list":["post-15924","page","type-page","status-publish"],"_links":{"self":[{"href":"https:\/\/debesyla.lt\/lv\/wp-json\/wp\/v2\/pages\/15924","targetHints":{"allow":["GET"]}}],"collection":[{"href":"https:\/\/debesyla.lt\/lv\/wp-json\/wp\/v2\/pages"}],"about":[{"href":"https:\/\/debesyla.lt\/lv\/wp-json\/wp\/v2\/types\/page"}],"author":[{"embeddable":true,"href":"https:\/\/debesyla.lt\/lv\/wp-json\/wp\/v2\/users\/1"}],"replies":[{"embeddable":true,"href":"https:\/\/debesyla.lt\/lv\/wp-json\/wp\/v2\/comments?post=15924"}],"version-history":[{"count":0,"href":"https:\/\/debesyla.lt\/lv\/wp-json\/wp\/v2\/pages\/15924\/revisions"}],"wp:attachment":[{"href":"https:\/\/debesyla.lt\/lv\/wp-json\/wp\/v2\/media?parent=15924"}],"curies":[{"name":"wp","href":"https:\/\/api.w.org\/{rel}","templated":true}]}}