{"id":15736,"date":"2019-08-31T10:54:57","date_gmt":"2019-08-31T07:54:57","guid":{"rendered":"https:\/\/debesyla.lt\/?page_id=15736"},"modified":"2026-02-28T23:18:49","modified_gmt":"2026-02-28T21:18:49","slug":"pagrindinis","status":"publish","type":"page","link":"https:\/\/debesyla.lt\/lv\/","title":{"rendered":"Es izaicinu sevi + p\u0101rbaudiet, kas no vi\u0146iem san\u0101k \ud83d\ude1c"},"content":{"rendered":"<p><a data-id-d=\"2\" data-tcb_hover_state_parent=\"\" data-img-style=\"\"><img decoding=\"async\" src=\"https:\/\/debesyla.lt\/wp-content\/uploads\/2019\/09\/galva-rozine.png\" height=\"512\" width=\"512\" alt=\"\" style=\"\"><\/img><\/a><\/p>\n<p style=\"text-align: right;\"><a href=\"https:\/\/debesyla.lt\/straipsniai\/\" style=\"outline: none;\">Straipsniai<\/a><\/p>\n<p style=\"text-align: center;\"><a href=\"https:\/\/debesyla.lt\/uzrasai\/\" style=\"outline: none;\">U\u017era\u0161ai<\/a><\/p>\n<p style=\"text-align: right;\"><a href=\"https:\/\/debesyla.lt\/tm\/\" style=\"outline: none;\">Paslaptinga nuoroda<\/a><\/p>\n<p style=\"text-align: left;\"><strong>Rinkis tai, ko trok\u0161ti.<\/strong><\/p>\n<p style=\"text-align: left;\"><em>(Taip, spausk vien\u0105 i\u0161 mygtuk\u0173.)<\/em><\/p>\n<p><span style=\"width: 100%; height: 100%;\"><img decoding=\"async\" data-lazyloaded=\"1\" src=\"https:\/\/debesyla.lt\/wp-content\/uploads\/2019\/09\/stop.png.webp\" alt=\"STOP\" title=\"\" data-id=\"15841\" data-src=\"https:\/\/debesyla.lt\/wp-content\/uploads\/2019\/09\/stop.png.webp\" style=\"margin-left: 0px; max-width: none !important; aspect-ratio: auto 1000 \/ 532;\" mt-d=\"0\" ml-d=\"0\" ml-t=\"0\" data-width=\"552\" data-height=\"294\" data-init-width=\"1000\" data-init-height=\"532\" loading=\"lazy\" data-ll-status=\"loaded\" width=\"552\" height=\"294\"><img decoding=\"async\" alt=\"STOP\" width=\"552\" height=\"294\" title=\"\" data-id=\"15841\" src=\"https:\/\/debesyla.lt\/wp-content\/uploads\/2019\/09\/stop.png.webp\" style=\"margin-left: 0px; max-width: none !important;\" mt-d=\"0\" ml-d=\"0\" ml-t=\"0\" data-width=\"552\" data-height=\"294\" data-init-width=\"1000\" data-init-height=\"532\" loading=\"lazy\"><\/span><\/p>\n<h2 style=\"text-align: center; line-height: 1.18em !important;\">NESKAITYK TOLIAU, jei tikiesi lengvai tapti laimingu<\/h2>\n<p style=\"text-align: center;\"><strong>Taip nebus.<\/strong><strong> <\/strong>Nors galb\u016bt tau ir reklamavo Debesyl\u0105, nes, va, \u0161is bi\u010diukas pakeis gyvenim\u0105. Nejuokink! Pasiekimai gimsta tik per darb\u0105&#8230; <strong>Pagelb\u0117siu.<\/strong> Ta\u010diau nesitik\u0117k, kad visk\u0105 padarysiu u\u017e tave.<\/p>\n<p><span style=\"width: 100%;\"><img decoding=\"async\" data-lazyloaded=\"1\" src=\"https:\/\/debesyla.lt\/wp-content\/uploads\/2019\/09\/paimk-mane.jpg.webp\" alt=\"\" title=\"\" data-id=\"15799\" data-src=\"https:\/\/debesyla.lt\/wp-content\/uploads\/2019\/09\/paimk-mane.jpg.webp\" style=\"aspect-ratio: auto 1280 \/ 1920;\" data-width=\"332\" data-height=\"497\" data-init-width=\"1280\" data-init-height=\"1920\" loading=\"lazy\" data-ll-status=\"loaded\" width=\"332\" height=\"497\"><img decoding=\"async\" alt=\"\" width=\"332\" height=\"497\" title=\"\" data-id=\"15799\" src=\"https:\/\/debesyla.lt\/wp-content\/uploads\/2019\/09\/paimk-mane.jpg.webp\" style=\"\" data-width=\"332\" data-height=\"497\" data-init-width=\"1280\" data-init-height=\"1920\" loading=\"lazy\"><\/span><\/p>\n<h2 style=\"\">&#8230;Tu vis dar \u010dia? Tuomet man patinki.<\/h2>\n<h2>Paimk mane.<\/h2>\n<p style=\"text-align: left;\">Per paskutinius 8+ metus suk\u016briau \u0161iek tiek projekt\u0173, kuriuos dovanoju tau:<\/p>\n<ul>\n<li><strong>Knyg\u0105:&nbsp;<\/strong><a href=\"https:\/\/debesyla.lt\/tm\/\" style=\"outline: none;\" target=\"_blank\">Tinginio manifestas<\/a><\/li>\n<li><strong><strong>Gid\u0105: <\/strong><\/strong><a href=\"https:\/\/kaipisleistiknyga.lt\/\" style=\"outline: none;\" target=\"_blank\" rel=\"noopener\">Kaip i\u0161leisti knyg\u0105?<\/a><\/li>\n<li><strong>Mokymus:&nbsp;<\/strong><a href=\"https:\/\/debesyla.lt\/tinklarastis-kuris-parduoda\/\" style=\"outline: none;\">Tinklara\u0161tis, kuris parduoda<\/a><\/li>\n<\/ul>\n<ul>\n<li><strong>Knyg\u0173 <\/strong><a href=\"https:\/\/www.goodreads.com\/author\/show\/15716839.Danielius_Goriunovas_Debesyla_\" style=\"outline: none;\" target=\"_blank\" rel=\"noopener\">ap\u017evalgas<\/a> ir <a href=\"https:\/\/www.instagram.com\/debesyla.skaito\/\" style=\"outline: none;\" target=\"_blank\" rel=\"noopener\">bookstagram\u0105<\/a><\/li>\n<li><strong>Komiksus: <\/strong><a href=\"https:\/\/www.instagram.com\/debesyla.nkrd\/\" target=\"_blank\" style=\"outline: none;\" rel=\"noopener\">Neturiu kur rank\u0173 d\u0117ti<\/a><\/li>\n<li><strong>I\u0161\u0161\u016bk\u012f:&nbsp;<\/strong><a href=\"https:\/\/www.instagram.com\/explore\/tags\/100nauj%C5%B3dalyk%C5%B3kasdien\/\" style=\"outline: none;\" target=\"_blank\" rel=\"noopener\">#100nauj\u0173Dalyk\u0173 Kasdien<\/a><\/li>\n<\/ul>\n<p style=\"text-align: left;\"><strong>P.S.<\/strong> Taip pat ra\u0161au tinklara\u0161t\u012f apie i\u0161\u0161\u016bkius. Tu jau jame.<\/p>\n<h2><em>Oi, besoti \u2013 nori dar?&nbsp;<\/em>\u0160tai 4 atsitiktiniai mano i\u0161\u0161\u016bkiai:<\/h2>\n<p><a href=\"https:\/\/debesyla.lt\/knygu-skaitymo-issukis\/\" title=\"Kaip perskai\u010diau 77 knygas per metus? &lt;i&gt;[Knyg\u0173 skaitymo i\u0161\u0161\u016bkis]&lt;\/i&gt;\" data-type-url=\"post_url\" data-type-display=\"default_image\" data-size=\"thumbnail\" data-post_id=\"10799\" data-tcb_hover_state_parent=\"\" data-shortcode=\"tcb_post_featured_image\"><img width=\"600\" height=\"338\" src=\"https:\/\/debesyla.lt\/wp-content\/uploads\/2017\/06\/knygu-skaitymo-issukis-600x338.jpg\" alt=\"\" decoding=\"async\" loading=\"lazy\" \/><\/a><\/p>\n<h2 data-shortcode=\"tcb_post_title\"><a href=\"https:\/\/debesyla.lt\/knygu-skaitymo-issukis\/\" title=\"Kaip perskai\u010diau 77 knygas per metus? &lt;i&gt;[Knyg\u0173 skaitymo i\u0161\u0161\u016bkis]&lt;\/i&gt;\">Kaip perskai\u010diau 77 knygas per metus? [Knyg\u0173 skaitymo i\u0161\u0161\u016bkis]<\/a><\/h2>\n<p><a href=\"https:\/\/debesyla.lt\/dekingumo-dienorastis\/\" title=\"&lt;i&gt;I\u0161mokau b\u016bti d\u0117kingas!&lt;\/i&gt; Mano nuotykis su \u201eD\u0117kingumo dienora\u0161\u010diu\u201c\" data-type-url=\"post_url\" data-type-display=\"default_image\" data-size=\"thumbnail\" data-post_id=\"10801\" data-tcb_hover_state_parent=\"\" data-shortcode=\"tcb_post_featured_image\"><img width=\"600\" height=\"338\" src=\"https:\/\/debesyla.lt\/wp-content\/uploads\/2017\/11\/dekingumo-dienorastis-600x338.jpg\" alt=\"\" decoding=\"async\" loading=\"lazy\" \/><\/a><\/p>\n<h2 data-shortcode=\"tcb_post_title\"><a href=\"https:\/\/debesyla.lt\/dekingumo-dienorastis\/\" title=\"&lt;i&gt;I\u0161mokau b\u016bti d\u0117kingas!&lt;\/i&gt; Mano nuotykis su \u201eD\u0117kingumo dienora\u0161\u010diu\u201c\">I\u0161mokau b\u016bti d\u0117kingas! Mano nuotykis su \u201eD\u0117kingumo dienora\u0161\u010diu\u201c<\/a><\/h2>\n<p><a href=\"https:\/\/debesyla.lt\/100-nauju-dalyku-kasdien\/\" title=\"#100 nauj\u0173 dalyk\u0173 kasdien &lt;i&gt;[Apie i\u0161\u0161\u016bk\u012f kalbina LRT]&lt;\/i&gt;\" data-type-url=\"post_url\" data-type-display=\"default_image\" data-size=\"thumbnail\" data-post_id=\"17022\" data-tcb_hover_state_parent=\"\" data-shortcode=\"tcb_post_featured_image\"><img width=\"600\" height=\"338\" src=\"https:\/\/debesyla.lt\/wp-content\/uploads\/2021\/02\/issukis-100-nauju-dalyku-kasdien-600x338.jpg\" alt=\"\" decoding=\"async\" loading=\"lazy\" \/><\/a><\/p>\n<h2 data-shortcode=\"tcb_post_title\"><a href=\"https:\/\/debesyla.lt\/100-nauju-dalyku-kasdien\/\" title=\"#100 nauj\u0173 dalyk\u0173 kasdien &lt;i&gt;[Apie i\u0161\u0161\u016bk\u012f kalbina LRT]&lt;\/i&gt;\">#100 nauj\u0173 dalyk\u0173 kasdien [Apie i\u0161\u0161\u016bk\u012f kalbina LRT]<\/a><\/h2>\n<p><a href=\"https:\/\/debesyla.lt\/menuo-be-siuksliu\/\" title=\"M\u0117nuo be \u0161iuk\u0161li\u0173&lt;del&gt;:&lt;\/del&gt; &lt;i&gt;Kaip gyvenau be plastiko?&lt;\/i&gt;\" data-type-url=\"post_url\" data-type-display=\"default_image\" data-size=\"thumbnail\" data-post_id=\"12943\" data-tcb_hover_state_parent=\"\" data-shortcode=\"tcb_post_featured_image\"><img width=\"600\" height=\"338\" src=\"https:\/\/debesyla.lt\/wp-content\/uploads\/2020\/06\/zero-waste-lietuvoje-600x338.jpg\" alt=\"\" decoding=\"async\" loading=\"lazy\" \/><\/a><\/p>\n<h2 data-shortcode=\"tcb_post_title\"><a href=\"https:\/\/debesyla.lt\/menuo-be-siuksliu\/\" title=\"M\u0117nuo be \u0161iuk\u0161li\u0173&lt;del&gt;:&lt;\/del&gt; &lt;i&gt;Kaip gyvenau be plastiko?&lt;\/i&gt;\">M\u0117nuo be \u0161iuk\u0161li\u0173: Kaip gyvenau be plastiko?<\/a><\/h2>\n<h3>&#8230;Ir ma\u017eas, bendras, veikl\u0173 \u017eem\u0117lapis:<\/h3>\n<ul>\n<li>\u010cia, kur esi dabar<\/li>\n<li><a href=\"https:\/\/debesyla.lt\/uzrasai\/\" style=\"outline: none;\" target=\"_blank\">Mano u\u017era\u0161ai bei kiti k\u016briniai<\/a><\/li>\n<li><span style=\"display: inline-block; text-decoration: line-through;\">Facebook<\/span> (<a href=\"https:\/\/debesyla.lt\/vasara-be-facebook\/\" style=\"outline: none;\">taip, i\u0161sitryniau<\/a>)<\/li>\n<li><a href=\"https:\/\/www.linkedin.com\/in\/danielius-goriunovas\/\" style=\"outline: none;\" target=\"_blank\" rel=\"noopener\">LinkedIn<\/a><\/li>\n<li><a href=\"https:\/\/www.youtube.com\/channel\/UCIblxLVjFJbM6fsAobvh0eQ\" style=\"outline: none;\" target=\"_blank\" rel=\"noopener\">YouTube<\/a><\/li>\n<li><a href=\"https:\/\/www.goodreads.com\/author\/show\/15716839.Danielius_Goriunovas_Debesyla_\" style=\"outline: none;\" target=\"_blank\" rel=\"noopener\">Goodreads<\/a><\/li>\n<li><a href=\"https:\/\/www.instagram.com\/debesyla\/\" style=\"outline: none;\" target=\"_blank\" rel=\"noopener\">Instagram<\/a><\/li>\n<li><a href=\"https:\/\/www.instagram.com\/debesyla.skaito\/\" style=\"outline: none;\" target=\"_blank\" rel=\"noopener\">Bookstagram<\/a><\/li>\n<li><a href=\"https:\/\/www.instagram.com\/debesyla.nkrd\/\" style=\"outline: none;\" target=\"_blank\" rel=\"noopener\">Komiksai<\/a><\/li>\n<li><a href=\"https:\/\/www.instagram.com\/paprastumoissukis\/\" style=\"outline: none;\" target=\"_blank\" rel=\"noopener\">Minimalizmo i\u0161\u0161\u016bkis<\/a><\/li>\n<li><a href=\"https:\/\/www.instagram.com\/explore\/tags\/100nauj%C5%B3dalyk%C5%B3kasdien\/\" style=\"outline: none;\" target=\"_blank\" rel=\"noopener\">#100nauj\u0173Dalyk\u0173Kasdien<\/a><\/li>\n<li><a href=\"https:\/\/kaipisleistiknyga.lt\/\" style=\"outline: none;\" target=\"_blank\" rel=\"noopener\">KaipI\u0161leistiKnyg\u0105.lt<\/a><\/li>\n<li><a href=\"https:\/\/debesyla.lt\/tkp\/tinklarastis-kuris-parduoda\/\" style=\"outline: none;\">Tinklara\u0161tis, kuris parduoda<\/a><\/li>\n<li><a href=\"https:\/\/debesyla.lt\/tm\/\" style=\"outline: none;\" target=\"_blank\">Tinginio Manifestas<\/a><\/li>\n<li>Leo Babauta knygos: <a href=\"https:\/\/www.saviugdosknygynas.lt\/ar-zinai-kodel-sunku-buti-laimingu\/\" style=\"outline: none;\" target=\"_blank\" rel=\"noopener\">A\u017dKSBL<\/a> + <a href=\"https:\/\/www.saviugdosknygynas.lt\/produktas\/igudis-gyventi-cia-ir-dabar\/\" style=\"outline: none;\" target=\"_blank\" rel=\"noopener\">\u012eG\u010cID<\/a><\/li>\n<li><a href=\"https:\/\/debesyla.lt\/minimalizmas\/\" target=\"_blank\" style=\"outline: none;\">Minimalizmo gidas<\/a><\/li>\n<li><a href=\"https:\/\/debesyla.lt\/apie\/mano-beprotisku-tikslu-sarasas\/\" style=\"outline: none;\" target=\"_blank\">Beproti\u0161k\u0173 tiksl\u0173 s\u0105ra\u0161as<\/a><\/li>\n<li><a href=\"https:\/\/www.idialogue.lt\/mentors\/danielius-goriunovas-172\" style=\"outline: none;\" target=\"_blank\" rel=\"noopener\">Konsultuoju apie ra\u0161ym\u0105, i\u0161\u0161\u016bkius bei tinklara\u0161\u010dius<\/a><\/li>\n<li><a href=\"https:\/\/studentams.ktu.edu\/ed-programos\/guided\/\" style=\"outline: none;\" target=\"_blank\" rel=\"noopener\">Konsultuoju KTU studentams<\/a><\/li>\n<li><a href=\"https:\/\/debesyla.lt\/apie\/programuoju\/\" style=\"outline: none;\">Programuoju web puslapius<\/a><\/li>\n<li><a href=\"https:\/\/debesyla.lt\/uzrasai\/meiles-laiskai\/\" style=\"outline: none;\">Ra\u0161au meil\u0117s lai\u0161kus<\/a><\/li>\n<li><a href=\"https:\/\/debesyla.lt\/uzrasai\/pasaulis\/\" style=\"outline: none;\" target=\"_blank\">Fantastin\u0117 kartografin\u0117 enciklopedija \u201ePasaulis\u201c<\/a><\/li>\n<li><a href=\"https:\/\/apieaugalus.lt\/\" target=\"_blank\" style=\"outline: none;\" rel=\"noopener\">Enciklopedija \u201eApie augalus\u201c<\/a><\/li>\n<li><a href=\"https:\/\/open.spotify.com\/user\/11102725673?si=sHisoks3RjCNqiRzOF8lvw\" style=\"outline: none;\" target=\"_blank\" rel=\"noopener\">Dalinuosi muzikos skoniu Spotify<\/a><\/li>\n<li><a href=\"https:\/\/debesyla.lt\/straipsniai\/#issukiai\" style=\"outline: none;\">30+ i\u0161bandyt\u0173 i\u0161\u0161\u016bki\u0173<\/a><\/li>\n<li><a href=\"https:\/\/debesyla.lt\/straipsniai\/#debesylieciai\" style=\"outline: none;\">20+ paimt\u0173 interviu<\/a><\/li>\n<li><a href=\"https:\/\/debesyla.lt\/straipsniai\/#pamokos\" style=\"outline: none;\">40+ saviugdos technik\u0173 ap\u017evalg\u0173<\/a><\/li>\n<li><a href=\"https:\/\/debesyla.lt\/apie\/\" style=\"outline: none;\" target=\"_blank\">Kontaktai<\/a><a href=\"https:\/\/debesyla.lt\/pagrindinis\/ar-tu-rimtai\/\" style=\"outline: none;\"><\/a><\/li>\n<\/ul>\n","protected":false},"excerpt":{"rendered":"<p><a data-id-d=\"2\" data-tcb_hover_state_parent=\"\" data-img-style=\"\"><\/img><\/a><\/p>","protected":false},"author":1,"featured_media":0,"parent":0,"menu_order":0,"comment_status":"closed","ping_status":"closed","template":"","meta":{"footnotes":"","tve_updated_post":"","tve_custom_css":"","tve_user_custom_css":"","tve_globals":{},"tcb2_ready":1,"tcb_editor_enabled":1,"tve_landing_page":"blank_v2","_tve_header":"0","_tve_footer":"15739"},"class_list":["post-15736","page","type-page","status-publish"],"_links":{"self":[{"href":"https:\/\/debesyla.lt\/lv\/wp-json\/wp\/v2\/pages\/15736","targetHints":{"allow":["GET"]}}],"collection":[{"href":"https:\/\/debesyla.lt\/lv\/wp-json\/wp\/v2\/pages"}],"about":[{"href":"https:\/\/debesyla.lt\/lv\/wp-json\/wp\/v2\/types\/page"}],"author":[{"embeddable":true,"href":"https:\/\/debesyla.lt\/lv\/wp-json\/wp\/v2\/users\/1"}],"replies":[{"embeddable":true,"href":"https:\/\/debesyla.lt\/lv\/wp-json\/wp\/v2\/comments?post=15736"}],"version-history":[{"count":10,"href":"https:\/\/debesyla.lt\/lv\/wp-json\/wp\/v2\/pages\/15736\/revisions"}],"predecessor-version":[{"id":18807,"href":"https:\/\/debesyla.lt\/lv\/wp-json\/wp\/v2\/pages\/15736\/revisions\/18807"}],"wp:attachment":[{"href":"https:\/\/debesyla.lt\/lv\/wp-json\/wp\/v2\/media?parent=15736"}],"curies":[{"name":"wp","href":"https:\/\/api.w.org\/{rel}","templated":true}]}}