{"id":14536,"date":"2019-04-01T09:31:32","date_gmt":"2019-04-01T06:31:32","guid":{"rendered":"https:\/\/debesyla.lt\/?page_id=14536"},"modified":"2021-02-19T21:10:38","modified_gmt":"2021-02-19T19:10:38","slug":"chronodex","status":"publish","type":"page","link":"https:\/\/debesyla.lt\/lv\/jauna-gramata\/hronodekss\/","title":{"rendered":"Chronodex"},"content":{"rendered":"<p>Saska\u0146\u0101 ar <a href=\"https:\/\/scription.typepad.com\/blog\/2011\/11\/scription-chronodex-weekly-planner-2012-free-download-with-the-cost-of-a-prayer.html\" target=\"_blank\" rel=\"noopener\"><strong>Chronodex<\/strong><\/a><strong>.<\/strong><\/p>\n<p>Iedvesmai:<\/p>\n<figure><img decoding=\"async\" class=\"alignnone size-full wp-image-15964\" src=\"https:\/\/debesyla.lt\/wp-content\/uploads\/2019\/09\/6a00d8341e524153ef019b02712c3b970b-800wi-615x461.jpg\" alt=\"\" width=\"615\" height=\"461\" \/> <img decoding=\"async\" class=\"alignnone size-full wp-image-15965\" src=\"https:\/\/debesyla.lt\/wp-content\/uploads\/2019\/09\/15b871186e35a912ce4d7f1a0dc43291-615x461.png\" alt=\"\" width=\"615\" height=\"461\" \/> <img decoding=\"async\" class=\"alignnone size-full wp-image-15966\" src=\"https:\/\/debesyla.lt\/wp-content\/uploads\/2019\/09\/chronodex-planner-resume-the-250-best-etc-images-on-pinterest-art-diary-615x461.jpg\" alt=\"\" width=\"615\" height=\"461\" \/><\/figure>\n<p>Vair\u0101k iedvesmas: <a href=\"https:\/\/www.flickr.com\/groups\/1804503@N25\/pool\/\" target=\"_blank\" rel=\"noopener\">https:\/\/www.flickr.com\/groups\/1804503@N25\/pool\/<\/a><\/p>\n<p><iframe title=\"K\u0101 izskat\u0101s mans Chronodex?\" width=\"1050\" height=\"591\" src=\"https:\/\/www.youtube.com\/embed\/8qEB8fRFTPw?feature=oembed\" frameborder=\"0\" allow=\"accelerometer; autoplay; clipboard-write; encrypted-media; gyroscope; picture-in-picture\" allowfullscreen><\/iframe><\/p>\n<ol>\n<li>T\u0101 ir vizu\u0101la laika m\u0113r\u012b\u0161anas sist\u0113ma - j\u016bs redzat dienas stundas k\u0101 pulksten\u012b.<\/li>\n<li>T\u0101 ir elast\u012bga sist\u0113ma - varat z\u012bm\u0113t, mar\u0137\u0113t, iez\u012bm\u0113t un atz\u012bm\u0113t p\u0113c saviem ieskatiem.<\/li>\n<\/ol>\n<p>\u0160ie divi iemesli bija iemesls, k\u0101p\u0113c \u0161\u012b laika vad\u012bbas sist\u0113ma man iepatik\u0101s un k\u0101p\u0113c es iesaku jums to izm\u0113\u0123in\u0101t. Es nesolu, ka t\u0101 pie\u0137ersies ar\u012b jums, bet es aicinu j\u016bs to izm\u0113\u0123in\u0101t!<\/p>\n<p>Ai, vai t\u0101 ir taisn\u012bba, vai v\u0113l kaut kas nav skaidrs? Jo es atbild\u0113tu, es paskaidrotu. Rakstiet \u0161eit zem\u0101k.<\/p>\n<div id=\"parasas\" class=\"\"><svg viewbox=\"0 0 900 189\" width=\"200\">\n        <path class=\"d-1\" d=\"M67 50L5 172\"\/>\n        <path class=\"d-2\" d=\"M19 152c7 8 30 33 59 32 41-1 76-46 80-100 2-22-6-77-42-79C61 2-1 54 46 76\"\/>\n        <path class=\"a\" d=\"M204 126.9c1.4-6-1-23.7-8.8-23.3-33.2 1-44 50-31 54 11 3 22-10 36-25 2-3 14 9 25 10\"\/>\n        <path class=\"nie\" d=\"M211 157c45-44 65-58 70-54 6 5-16 42-12 45 6 4 47-55 57-49 7 4-7 34 4 47 8 11 20 7 28 1 18-14 28-28 27-22s-5 38 46 16c21-9 22-29 13-36-3-2-16 6-16 16-1 18 14 29 37 28\"\/>\n        <path class=\"t-1\" d=\"M387 80a1 1 0 1 0 2 0 1 1 0 1 0-2 0\"\/>\n        <path class=\"liu\" d=\"M444 184C549 88 546 23 536 23c-19 0-57 74-57 122 0 4 5 13 13 16 5 3 11 2 16 1 6-1 11-6 17-10l39-32c0 6-2 8-3 14-2 7-2 10 1 14l5 4c6 3 14 1 20-1 17-7 26-19 44-29 3-1 8-4 12-2l5 6c4 11 1 16 4 22s13 10 20 8 12-9 13-14l4-13 3-5 6-4 13-5c3-1 6-3 10-8\"\/>\n        <path class=\"t-2\" d=\"M576 85a1 1 0 1 0 2 0 1 1 0 1 0-2 0\"\/>\n        <path class=\"s-1\" d=\"M720 142c8 2 27 3 35-3 6-4-18-36-22-32-3 4-6 19-30 65\"\/>\n        <path class=\"s-2\" d=\"M756 140c4-1 9-4 12-8\"\/><\/svg>\n    <\/div>\n    <noscript><img decoding=\"async\" src=\"https:\/\/debesyla.lt\/wp-content\/themes\/debesyla\/inc\/img\/fallback-parasas.png\" alt=\"Daniels\" style=\"top: -2.5em; position: relative;\"><\/noscript>","protected":false},"excerpt":{"rendered":"<p>Pagal Chronodex. \u012ekv\u0117pimui: Daugiau \u012fkv\u0117pimo: https:\/\/www.flickr.com\/groups\/1804503@N25\/pool\/ Tai\u00a0vizuali laiko planavimo sistema &#8211; paros valandas matai taip, kaip matytum laikrod\u012f. Tai\u00a0lanksti\u00a0sistema &#8211; gali visk\u0105 apsipie\u0161ti, apsi\u017eym\u0117ti, pasi\u017eym\u0117ti kaip tik tau patogiau. \u0160ios dvi prie\u017eastys buvo kod\u0117l man prilipo \u0161i laiko planavimo sistema ir kod\u0117l j\u0105 rekomenduoju i\u0161bandyti tau. Nepri\u017eadu, kad tau irgi prilips, bet i\u0161bandyti &#8211; kvie\u010diu! [&hellip;]<\/p>\n","protected":false},"author":1,"featured_media":0,"parent":14503,"menu_order":0,"comment_status":"open","ping_status":"closed","template":"","meta":{"footnotes":"","tve_updated_post":"","tve_custom_css":"","tve_user_custom_css":"","tve_globals":{},"tcb2_ready":1,"tcb_editor_enabled":0,"tve_landing_page":"","_tve_header":"","_tve_footer":""},"class_list":["post-14536","page","type-page","status-publish"],"_links":{"self":[{"href":"https:\/\/debesyla.lt\/lv\/wp-json\/wp\/v2\/pages\/14536","targetHints":{"allow":["GET"]}}],"collection":[{"href":"https:\/\/debesyla.lt\/lv\/wp-json\/wp\/v2\/pages"}],"about":[{"href":"https:\/\/debesyla.lt\/lv\/wp-json\/wp\/v2\/types\/page"}],"author":[{"embeddable":true,"href":"https:\/\/debesyla.lt\/lv\/wp-json\/wp\/v2\/users\/1"}],"replies":[{"embeddable":true,"href":"https:\/\/debesyla.lt\/lv\/wp-json\/wp\/v2\/comments?post=14536"}],"version-history":[{"count":0,"href":"https:\/\/debesyla.lt\/lv\/wp-json\/wp\/v2\/pages\/14536\/revisions"}],"up":[{"embeddable":true,"href":"https:\/\/debesyla.lt\/lv\/wp-json\/wp\/v2\/pages\/14503"}],"wp:attachment":[{"href":"https:\/\/debesyla.lt\/lv\/wp-json\/wp\/v2\/media?parent=14536"}],"curies":[{"name":"wp","href":"https:\/\/api.w.org\/{rel}","templated":true}]}}