{"id":14513,"date":"2019-03-31T17:57:07","date_gmt":"2019-03-31T14:57:07","guid":{"rendered":"https:\/\/debesyla.lt\/?page_id=14513"},"modified":"2019-09-04T19:48:33","modified_gmt":"2019-09-04T16:48:33","slug":"ha","status":"publish","type":"page","link":"https:\/\/debesyla.lt\/lv\/jauna-gramata\/haha\/","title":{"rendered":"Ha! :D Bet ja nopietni..."},"content":{"rendered":"<h1 style=\"text-align: center;\"><strong>Ha! \ud83d\ude00<\/strong><\/h1>\n<h1 style=\"text-align: center;\"><strong><span style=\"color: rgb(64, 64, 64);\">Laim\u012bgu 1. apr\u012bli! \ud83d\ude09<\/span><\/strong><\/h1>\n<h1 style=\"text-align: center;\"><strong><span style=\"color: rgb(64, 64, 64);\">n\u0113 nopietni <\/span><span style=\"color: rgb(240, 176, 151);\">pa\u0146em gr\u0101matu<\/span><\/strong><\/h1>\n<h3 style=\"text-align: center;\"><strong><span style=\"color: rgb(64, 64, 64);\">(Jums tas b\u016bs tikai j\u0101paraksta pa\u0161am. <\/span><span style=\"color: rgb(240, 176, 151);\">J\u0101, lai \u013coti patiktu!<\/span><span style=\"color: rgb(64, 64, 64);\">)<\/span><\/strong><\/h3>\n<p>Ideju dar\u012bt esmu n\u0113s\u0101jis jau ilgu laiku<strong> Slinks piez\u012bmju gr\u0101mati\u0146a.<\/strong> Tagad vispirms varat to izm\u0113\u0123in\u0101t. Tom\u0113r, ja es dr\u012bz neuzrakstu jaunu gr\u0101matu, j\u016bs varat!&nbsp;<\/p>\n<p style=\"text-align: left;\">\n<p style=\"text-align: left;\">...\u0160is r\u012bks ne tikai pal\u012bdz\u0113s jums katru dienu <em>justies lab\u0101k<\/em>, bet ar\u012b <em>pl\u0101not laiku<\/em> un <em>m\u0113r\u0137u sasnieg\u0161anu<\/em>. P\u0101rbaud\u012bts person\u012bgi!<\/p>\n<p style=\"text-align: left;\">\n<p style=\"text-align: left;\"><a href=\"https:\/\/debesyla.lt\/lv\/jauna-gramata\/hronodekss\/\" target=\"_blank\" rel=\"noopener noreferrer\">L\u016bk, k\u0101 to izmantot.<\/a><\/p>\n<p><span style=\"width: 100%;\"><img decoding=\"async\" alt=\"\" width=\"3511\" height=\"2483\" title=\"slinki motiv\u0113ti\" data-id=\"15968\" src=\"https:\/\/debesyla.lt\/wp-content\/uploads\/2019\/09\/tinginio-uzrasine.jpg\" style=\"width: 100%;\"><\/span><\/p>\n<p style=\"text-align: center;\">\u00a92019\u00a0Debesyla<\/p>","protected":false},"excerpt":{"rendered":"<p>Ha! \ud83d\ude00 Su baland\u017eio 1! \ud83d\ude09 Ne, o rimtai, imk knyg\u0105! (Tik j\u0105 pasira\u0161yti tur\u0117si savaranki\u0161kai. Taip, kad tikrai patikt\u0173!) Jau ilgai ne\u0161iojausi id\u0117j\u0105 padaryti Tinginio u\u017era\u0161in\u0119. Dabar \u2013 gali j\u0105 i\u0161bandyti pirmiausiai. Visgi, jei naujos knygos greitai nepara\u0161ysiu, tai j\u0105 gali para\u0161yti tu!&nbsp; &#8230;\u0160i priemon\u0117 pad\u0117s ne tik kasdien pasijusti geriau, bet ir planuoti [&hellip;]<\/p>\n","protected":false},"author":1,"featured_media":0,"parent":14503,"menu_order":0,"comment_status":"closed","ping_status":"closed","template":"blank-wide-page.php","meta":{"footnotes":"","tve_updated_post":"","tve_custom_css":"","tve_user_custom_css":"","tve_globals":{},"tcb2_ready":1,"tcb_editor_enabled":1,"tve_landing_page":"tcb2-atomic-video-sales-page","_tve_header":"","_tve_footer":""},"class_list":["post-14513","page","type-page","status-publish"],"_links":{"self":[{"href":"https:\/\/debesyla.lt\/lv\/wp-json\/wp\/v2\/pages\/14513","targetHints":{"allow":["GET"]}}],"collection":[{"href":"https:\/\/debesyla.lt\/lv\/wp-json\/wp\/v2\/pages"}],"about":[{"href":"https:\/\/debesyla.lt\/lv\/wp-json\/wp\/v2\/types\/page"}],"author":[{"embeddable":true,"href":"https:\/\/debesyla.lt\/lv\/wp-json\/wp\/v2\/users\/1"}],"replies":[{"embeddable":true,"href":"https:\/\/debesyla.lt\/lv\/wp-json\/wp\/v2\/comments?post=14513"}],"version-history":[{"count":0,"href":"https:\/\/debesyla.lt\/lv\/wp-json\/wp\/v2\/pages\/14513\/revisions"}],"up":[{"embeddable":true,"href":"https:\/\/debesyla.lt\/lv\/wp-json\/wp\/v2\/pages\/14503"}],"wp:attachment":[{"href":"https:\/\/debesyla.lt\/lv\/wp-json\/wp\/v2\/media?parent=14513"}],"curies":[{"name":"wp","href":"https:\/\/api.w.org\/{rel}","templated":true}]}}