{"id":14503,"date":"2019-03-31T17:20:59","date_gmt":"2019-03-31T14:20:59","guid":{"rendered":"https:\/\/debesyla.lt\/?page_id=14503"},"modified":"2021-02-19T21:46:12","modified_gmt":"2021-02-19T19:46:12","slug":"nauja-knyga","status":"publish","type":"page","link":"https:\/\/debesyla.lt\/lv\/jauna-gramata\/","title":{"rendered":"TIKAI \u0160ODIEN: Otr\u0101 m\u0101ko\u0146u gr\u0101mata!"},"content":{"rendered":"<h1 style=\"text-align: center;\"><strong><span style=\"color: rgb(64, 64, 64);\">J\u0101, t\u0101 ir\u2026 <\/span><span style=\"color: rgb(240, 176, 151);\">&quot;Slinkais manifests&quot;<\/span><span style=\"color: rgb(128, 62, 66);\"> <\/span><span style=\"color: rgb(64, 64, 64);\">turpin\u0101jums!<\/span><\/strong><\/h1>\n<h1 style=\"text-align: center;\"><strong>Mana otr\u0101 gr\u0101mata! \ud83d\ude42<\/strong><\/h1>\n<p><span style=\"width: 100%;\"><img decoding=\"async\" alt=\"\" width=\"800\" height=\"584\" title=\"jauna-m\u0101konis-gr\u0101mata\" data-id=\"15961\" src=\"https:\/\/debesyla.lt\/wp-content\/uploads\/2019\/09\/nauja-debesylos-knyga.png\" style=\"\"><\/span><\/p>\n<p style=\"text-align: center;\">Vi\u0146a jau ir aizbraukusi uz printeri, un j\u016bs <strong>t\u0101 k\u0101 j\u016bs abon\u0113jat manus e-pastus,<\/strong> var lejupiel\u0101d\u0113t to elektronisk\u0101 form\u0101t\u0101 piln\u012bgi BEZMAKSAS.<\/p>\n<p style=\"text-align: center;\">\u00a92019\u00a0Debesyla<\/p>","protected":false},"excerpt":{"rendered":"<p>J\u0101, \u0161is ir... Slink\u0101 manifesta turpin\u0101jums! Mana otr\u0101 gr\u0101mata! \ud83d\ude42 Tas jau ir non\u0101cis printer\u012b, un, t\u0101 k\u0101 j\u016bs abon\u0113jat manas v\u0113stules, varat to lejupiel\u0101d\u0113t elektronisk\u0101 form\u0101t\u0101 piln\u012bgi BEZMAKSAS. \u00a92019\u00a0Debesyla<\/p>","protected":false},"author":1,"featured_media":0,"parent":0,"menu_order":0,"comment_status":"closed","ping_status":"closed","template":"blank-wide-page.php","meta":{"footnotes":"","tve_updated_post":"","tve_custom_css":"","tve_user_custom_css":"","tve_globals":{},"tcb2_ready":1,"tcb_editor_enabled":1,"tve_landing_page":"tcb2-atomic-2-step-lead-generation-page","_tve_header":"0","_tve_footer":"0"},"class_list":["post-14503","page","type-page","status-publish"],"_links":{"self":[{"href":"https:\/\/debesyla.lt\/lv\/wp-json\/wp\/v2\/pages\/14503","targetHints":{"allow":["GET"]}}],"collection":[{"href":"https:\/\/debesyla.lt\/lv\/wp-json\/wp\/v2\/pages"}],"about":[{"href":"https:\/\/debesyla.lt\/lv\/wp-json\/wp\/v2\/types\/page"}],"author":[{"embeddable":true,"href":"https:\/\/debesyla.lt\/lv\/wp-json\/wp\/v2\/users\/1"}],"replies":[{"embeddable":true,"href":"https:\/\/debesyla.lt\/lv\/wp-json\/wp\/v2\/comments?post=14503"}],"version-history":[{"count":0,"href":"https:\/\/debesyla.lt\/lv\/wp-json\/wp\/v2\/pages\/14503\/revisions"}],"wp:attachment":[{"href":"https:\/\/debesyla.lt\/lv\/wp-json\/wp\/v2\/media?parent=14503"}],"curies":[{"name":"wp","href":"https:\/\/api.w.org\/{rel}","templated":true}]}}