{"id":10868,"date":"2017-06-01T14:29:12","date_gmt":"2017-06-01T11:29:12","guid":{"rendered":"https:\/\/debesyla.lt\/?page_id=10868"},"modified":"2021-10-06T01:22:14","modified_gmt":"2021-10-05T22:22:14","slug":"blokavimas","status":"publish","type":"page","link":"https:\/\/debesyla.lt\/lv\/tm\/blokesana\/","title":{"rendered":"Blo\u0137\u0113\u0161ana"},"content":{"rendered":"<p>K\u0101 jau min\u0113ju <a href=\"https:\/\/debesyla.lt\/lv\/laikas-internete\/\">rakst\u0101 par interneta ierobe\u017eo\u0161anu<\/a>, tie\u0161saistes produktivit\u0101ti var sasniegt, veicot pa\u0161p\u0101rraudz\u012bbu, uzraugot tie\u0161saistes laiku un blo\u0137\u0113jot lapas, kas nov\u0113r\u0161 uzman\u012bbu.<\/p>\n<p style=\"padding-left: 30px;\"><strong>a) Pa\u0161kontrole nedarbojas. <\/strong>Jo m\u0113s esam cilv\u0113ki. Ja internet\u0101 tevi neviens nenov\u0113r\u0161, tas noz\u012bm\u0113, ka vai nu tu to nepamani, vai ar\u012b esi cilv\u0113ks ar dzelzs nerviem. Cie\u0146a pret jums otraj\u0101 gad\u012bjum\u0101. J\u016bs zin\u0101t, kas vispirms j\u0101dara.<\/p>\n<p style=\"padding-left: 30px;\"><strong>b) Introspekcija balst\u0101s uz nov\u0113ro\u0161anu. <\/strong>Teor\u0113tiski, redzot, cik min\u016btes esat pavad\u012bjis, j\u016bs apkaunosiet un ierobe\u017eosiet sevi. L\u012bdz\u012bgi k\u0101 \u0113st cepumus, ko grib\u0113j\u0101t uzd\u0101vin\u0101t draugam. Ne vienm\u0113r tas izdodas - piem\u0113ram, j\u016bs joproj\u0101m \u0113dat cepumus... Tom\u0113r, ja tas jums pal\u012bdz - izm\u0113\u0123iniet iepriek\u0161 min\u0113to <a href=\"https:\/\/debesyla.lt\/lv\/tm\/rescuetime\/\">Gl\u0101b\u0161anas laiks<\/a> vai <a href=\"http:\/\/www.manictime.com\/\" target=\"_blank\" rel=\"noopener\">M\u0101nijas laiks<\/a>. Ir daudz alternat\u012bvu, par kur\u0101m lab\u0101k \u013cautu jums run\u0101t <a href=\"https:\/\/www.timedoctor.com\/blog\/rescuetime-alternatives\/\" target=\"_blank\" rel=\"noopener\">\u0161\u012b raksta autoriem<\/a>.<\/p>\n<p style=\"padding-left: 30px;\"><strong>c) Blo\u0137\u0113\u0161ana. <\/strong>Lai gan tas izklaus\u0101s bied\u0113jo\u0161i, tas darbojas. Ar cie\u0146u. Jo ieradums p\u0101rbaud\u012bt Facebook ik p\u0113c X min\u016bt\u0113m ir tikai ieradums \u2013 t\u0101 ir k\u0101 atkar\u012bba, kuru vajadz\u0113tu izrav\u0113t.<\/p>\n<p>Es person\u012bgi to izmantoju blo\u0137\u0113\u0161anai <a href=\"https:\/\/debesyla.lt\/lv\/tm\/coldturkey\/\">Auksts t\u012btars<\/a>, kas neskaita lap\u0101s pavad\u012bto laiku, bet vienk\u0101r\u0161i blo\u0137\u0113 piek\u013cuvi jums v\u0113lamaj\u0101 laik\u0101.<\/p>\n<p>Varat atvienot visu internetu vai tikai atlas\u012bt\u0101s lapas (vai visas, iz\u0146emot da\u017eas\u00a0\u2014 \u0161\u0101d\u0101 veid\u0101 es atvienoju visu, iz\u0146emot Spotify), p\u0113c X\u00a0min\u016bt\u0113m vai stund\u0101m, kad vien v\u0113laties.<\/p>\n<p>man ar\u012b tas pat\u012bk <a href=\"https:\/\/debesyla.lt\/lv\/tm\/coldturkey\/\">&quot;Auksts t\u012btars&quot;<\/a> ES m\u012blu Esmu ieg\u0101d\u0101jies PRO versiju, kas maks\u0101 tikai 11 eiro <a href=\"#footnote-1-10868\" id=\"note-1-10868\" class=\"footnote-link\">1<\/a> uz visu m\u016b\u017eu. Viens no maniem pag\u0101ju\u0161\u0101 gada lab\u0101kajiem pirkumiem.<\/p>\n<p>Un ar\u012b ir alternat\u012bvas, no kur\u0101m da\u017eas esmu izm\u0113\u0123in\u0101jis un da\u017eas n\u0113.<\/p>\n<h3>ES esmu m\u0113\u0123in\u0101jis <a href=\"https:\/\/chrome.google.com\/webstore\/detail\/stayfocusd\/laankejkbhbdhmipfmgcngdelahlfoji\" target=\"_blank\" rel=\"noopener\">StayFocusd<\/a>.<\/h3>\n<p>\u0160is ir p\u0101rl\u016bkprogrammas Chrome spraudnis, kas darbojas tikai taj\u0101. Tas ir bezmaksas. Lai gan \u0161\u012b spraud\u0146a p\u0101rvald\u012bba ir nedaudz sare\u017e\u0123\u012bta, <a href=\"#footnote-2-10868\" id=\"note-2-10868\" class=\"footnote-link\">2<\/a> tai ir viena unik\u0101la priek\u0161roc\u012bba \u2013 j\u016bs varat iestat\u012bt maksim\u0101lo dienas (vai stundas) laiku, ko v\u0113laties pavad\u012bt vien\u0101 vai cit\u0101 lap\u0101.<\/p>\n<p>Piem\u0113ram, ja v\u0113laties Facebook un Delphi velt\u012bt tie\u0161i 80 min\u016btes dien\u0101 (un ne vair\u0101k), izv\u0113lieties \u0161o iestat\u012bjumu un p\u0101rl\u016bkojiet \u0161\u012bs lapas, cik v\u0113laties... L\u012bdz 80 min\u016b\u0161u ierobe\u017eojumam.<\/p>\n<p>Protams, ja v\u0113laties, j\u016bs jebkur\u0101 gad\u012bjum\u0101 varat blo\u0137\u0113t visu internetu. Es p\u0101rc\u0113los uz <a href=\"https:\/\/debesyla.lt\/lv\/tm\/coldturkey\/\">Auksts t\u012btars<\/a>\u00a0jo StayFocusd darbojas tikai p\u0101rl\u016bk\u0101 Chrome, un es taj\u0101 ne tikai pavadu laiku.<\/p>\n<p>\u0160os neesmu m\u0113\u0123in\u0101jis, bet varb\u016bt k\u0101dreiz izm\u0113\u0123in\u0101\u0161u - prieka p\u0113c:<\/p>\n<p class=\"highlight\">Vai ar\u012b rakstiet man savas atsauksmes uz danielius@debesyla.lt<br \/>\nun es to iek\u013cau\u0161u \u0161eit!<\/p>\n<ol>\n<li><strong><a href=\"https:\/\/freedom.to\/\" target=\"_blank\" rel=\"noopener\">Br\u012bv\u012bba<\/a>.<\/strong>\u00a0Gandr\u012bz neat\u0161\u0137iras no Aukst\u0101s Turcijas. At\u0161\u0137ir\u012bba ir t\u0101da, ka varat ierakst\u012bt ar\u012b iPhone vai iPad. Nedaudz d\u0101rg\u0101ks par CT.<\/li>\n<li><strong><a href=\"http:\/\/selfcontrolapp.com\/\" target=\"_blank\" rel=\"noopener\">Pa\u0161kontrole<\/a>. <\/strong>Tikai Mac, bez maksas.<\/li>\n<li><strong>LeechBlock (Firefox). <\/strong>B\u016bt\u012bb\u0101 tie\u0161i t\u0101ds pats k\u0101 StayFocusd, bet priek\u0161 Firefox.<\/li>\n<li><strong><a href=\"https:\/\/heyfocus.com\/\" target=\"_blank\" rel=\"noopener\">Focus, Breds D\u017easpers (Mac)<\/a>. <\/strong>Paredz\u0113ta tikai Mac datoriem, ir da\u017e\u0101du papildu skriptu funkcija (aktiviz\u0113jas blo\u0137\u0113\u0161anas un atblo\u0137\u0113\u0161anas br\u012bd\u012b), kas saist\u012bta ar Pomodoro tehniku - to ir \u0113rti lietot.<\/li>\n<li><strong>Nulles gribassp\u0113ks (iOS). <\/strong>\u013boti vienk\u0101r\u0161s un skaists dizains. Tikai iOS ier\u012bc\u0113m.<\/li>\n<li><strong>Fokusa blo\u0137\u0113\u0161ana (Android). <\/strong>Alternat\u012bva Zero Willpower, bet Android ier\u012bc\u0113m. Atsauksmes nav fantastiskas, bet da\u017eiem tas ir tie\u0161i tas, ko v\u0113laties.<\/li>\n<li><strong><a href=\"https:\/\/web.archive.org\/web\/20210913190639\/http:\/\/keepmeout.com\/en\/\" target=\"_blank\" rel=\"noopener\">Neturiet mani prom<\/a>.<\/strong>\u00a0Tas ir balst\u012bts uz faktu, ka j\u016bs ievietojat saiti gr\u0101matz\u012bm\u0113s, un laiks tiek apr\u0113\u0137in\u0101ts, izmantojot \u0161o gr\u0101matz\u012bmi. Iesp\u0113ja, kad nevarat vai nev\u0113laties dator\u0101 saglab\u0101t spraud\u0146us un lietojumprogrammas. Protams, kr\u0101pties ir pavisam vienk\u0101r\u0161i. Bet, nu, tas ir &quot;koka&quot; variants, ar ko var\u0113tu pietikt.<\/li>\n<\/ol>\n<p>Un, turkl\u0101t\u2026<br \/>\nTie ne tik daudz blo\u0137\u0113, bet gan pal\u012bdz att\u012bst\u012bt koncentr\u0113\u0161an\u0101s prasmi:<\/p>\n<ol>\n<li>Vesels miljons<strong> <a href=\"http:\/\/www.tomato-timer.com\/\" target=\"_blank\" rel=\"noopener\">Pomodoro lietotnes, piem\u0113ram, \u0161\u012b<\/a>. <\/strong>To ir \u013coti daudz, un to var izveidot ar\u012b tikai ar telefonu vai meh\u0101nisku modin\u0101t\u0101ju - iestati uz 25 min\u016bt\u0113m, p\u0113c 5 min\u016b\u0161u p\u0101rtraukuma... Un atk\u0101rto. Vi\u0146i saka, ka tas ir produkt\u012bvi. <a href=\"#footnote-3-10868\" id=\"note-3-10868\" class=\"footnote-link\">3<\/a><\/li>\n<li><strong><a href=\"https:\/\/play.google.com\/store\/apps\/details?id=cc.forestapp\" target=\"_blank\" rel=\"noopener\">Forest (Android)<\/a>. <\/strong>Sp\u0113les koncentr\u0113\u0161an\u0101s! vai tu str\u0101d\u0101 J\u016bsu me\u017es un koki aug! \ud83d\ude42 Nestr\u0101d\u0101? J\u016bsu me\u017es un koki mirst! \ud83d\ude41 Diezgan jautra sp\u0113le, \u013coti efekt\u012bva da\u017eiem man zin\u0101miem m\u0101konis. \u017d\u0113l, ka mans telefons nestr\u0101d\u0101, jo ir vecs. Eh.<\/li>\n<li><strong><a href=\"http:\/\/foggynoggin.com\/\" target=\"_blank\" rel=\"noopener\">Focus, autors Foggy Noggin (Mac)<\/a>. <\/strong>\u0160is ir diezgan interesants, jo tas ne tik daudz blo\u0137\u0113, bet gan padara tum\u0161\u0101kus visus logus, uz kuriem j\u016bs neskat\u0101ties. Tas ir, ja j\u016bsu lietojumprogramma netiek palaista pilnekr\u0101na re\u017e\u012bm\u0101, logi fon\u0101 tiks aptum\u0161oti. Koncentr\u0113jieties uz to, ko izmantojat!<\/li>\n<li><strong><a href=\"https:\/\/sites.google.com\/site\/llemarie\/ledimmer\" target=\"_blank\" rel=\"noopener\">Le Dimmer (Windows)<\/a>. <\/strong>Alternat\u012bva sist\u0113mai Windows. <a href=\"https:\/\/www.cnet.com\/how-to\/how-to-dim-the-windows-desktop-except-the-active-window\/\" target=\"_blank\" rel=\"noopener\">Nor\u0101d\u012bjumus un lejupiel\u0101di varat atrast vietn\u0113 CNET.<\/a><\/li>\n<li><strong><a href=\"http:\/\/www.donationcoder.com\/Software\/Skrommel\/index.html#Ghoster\" target=\"_blank\" rel=\"noopener\">Ghoster (Windows)<\/a>. <\/strong>V\u0113l viens, piem\u0113ram, Le Dimmer, tikai agr\u0101k izgatavots. Un tam ir nedaudz vair\u0101k funkciju.<\/li>\n<li><strong><a href=\"https:\/\/www.brain.fm\/\" target=\"_blank\" rel=\"noopener\">Brain.fm<\/a>.<\/strong>\u00a0M\u016bzika, kas paredz\u0113ta j\u016bsu produktivit\u0101tei vai atp\u016btai. Izstr\u0101d\u0101t\u0101ji lepojas ar gadiem ilgiem zin\u0101tniskiem p\u0113t\u012bjumiem, un pirmaj\u0101s reiz\u0113s, kad es to izm\u0113\u0123in\u0101ju, man tas \u013coti patika. Elektronisk\u0101 m\u016bzika smadzen\u0113m. Gar\u0161\u012bgi-gardi.<\/li>\n<li><strong><a href=\"https:\/\/habitica.com\/\" target=\"_blank\" rel=\"noopener\">Habitica<\/a>. <\/strong>Agr\u0101k paz\u012bstama k\u0101 Habit RPG, t\u0101 ir lomu sp\u0113le, kuras pamat\u0101 ir j\u016bsu ieradumi. Izveido pats savu varoni... Un katru reizi, kad atz\u012bm\u0113si pabeigtu darbu vai atk\u0101rtotu prasmi, vi\u0146\u0161 sa\u0146ems pieredzes punktus vai zeltu. Ja nesazin\u0101sieties vair\u0101kas dienas, varonis l\u0113n\u0101m zaud\u0113s dz\u012bv\u012bbu un galu gal\u0101 mirs. Ne\u013caujiet varonim nomirt, k\u013c\u016bstiet par varoni, ieg\u0101d\u0101jieties savam v\u012brietim jaukas bru\u0146as un pieradiniet (vai pieradiniet) \u0161o p\u016b\u0137i!<\/li>\n<\/ol>\n<p>\u2026Laba produktivit\u0101te!<\/p>\n<p>Un neaizmirstiet to <strong>produktivit\u0101te ir produkts laika gait\u0101; <\/strong>netiek p\u0101rbaud\u012btas visas lietojumprogrammas. \ud83d\ude09<\/p>\n<div class=\"footnotes\"><hr \/><ol><li id=\"footnote-1-10868\" class=\"footnote\"><p>Cena lap\u0101 nor\u0101d\u012bta Kan\u0101das dol\u0101ros, nevis ASV dol\u0101ros.<a href=\"#note-1-10868\" class=\"footnote-return\">&#8617;<\/a><\/p><\/li><!--\/#footnote-1.footnote--><li id=\"footnote-2-10868\" class=\"footnote\"><p>Un negl\u012bts, he, he.<a href=\"#note-2-10868\" class=\"footnote-return\">&#8617;<\/a><\/p><\/li><!--\/#footnote-2.footnote--><li id=\"footnote-3-10868\" class=\"footnote\"><p>Ieteicis ar\u012b Simas Bal\u010di\u016bnas no emu\u0101ra Raumeningas Protas.<a href=\"#note-3-10868\" class=\"footnote-return\">&#8617;<\/a><\/p><\/li><!--\/#footnote-3.footnote--><\/ol><\/div><!--\/#footnotes-->","protected":false},"excerpt":{"rendered":"<p>K\u0101 jau min\u0113ju <a href=\"https:\/\/debesyla.lt\/lv\/laikas-internete\/\">rakst\u0101 par interneta ierobe\u017eo\u0161anu<\/a>, tie\u0161saistes produktivit\u0101ti var sasniegt, veicot pa\u0161p\u0101rraudz\u012bbu, uzraugot tie\u0161saistes laiku un blo\u0137\u0113jot lapas, kas nov\u0113r\u0161 uzman\u012bbu.<\/p>","protected":false},"author":1,"featured_media":0,"parent":10371,"menu_order":0,"comment_status":"closed","ping_status":"closed","template":"blank-page.php","meta":{"footnotes":""},"class_list":["post-10868","page","type-page","status-publish"],"rankMath":{"parentDomain":"debesyla.lt","noFollowDomains":[],"noFollowExcludeDomains":[],"noFollowExternalLinks":false,"featuredImageNotice":"The featured image should be at least 200 by 200 pixels to be picked up by Facebook and other social media sites.","pluginReviewed":false,"postSettings":{"linkSuggestions":true,"useFocusKeyword":false},"frontEndScore":false,"postName":"blokavimas","permalinkFormat":"https:\/\/debesyla.lt\/lv\/tm\/%pagename%\/","showLockModifiedDate":true,"assessor":{"focusKeywordLink":"https:\/\/debesyla.lt\/wp-admin\/edit.php?focus_keyword=%focus_keyword%&post_type=%post_type%","hasTOCPlugin":{"thrive-visual-editor\/thrive-visual-editor.php":"Thrive Architect"},"primaryTaxonomy":false,"serpData":{"title":"","description":"","focusKeywords":"","pillarContent":false,"canonicalUrl":"","breadcrumbTitle":"","advancedRobots":{"max-snippet":"-1","max-video-preview":"-1","max-image-preview":"large"},"facebookTitle":"","facebookDescription":"","facebookImage":"","facebookImageID":"","facebookHasOverlay":false,"facebookImageOverlay":"","facebookAuthor":"","twitterCardType":"","twitterUseFacebook":true,"twitterTitle":"","twitterDescription":"","twitterImage":"","twitterImageID":"","twitterHasOverlay":false,"twitterImageOverlay":"","twitterPlayerUrl":"","twitterPlayerSize":"","twitterPlayerStream":"","twitterPlayerStreamCtype":"","twitterAppDescription":"","twitterAppIphoneName":"","twitterAppIphoneID":"","twitterAppIphoneUrl":"","twitterAppIpadName":"","twitterAppIpadID":"","twitterAppIpadUrl":"","twitterAppGoogleplayName":"","twitterAppGoogleplayID":"","twitterAppGoogleplayUrl":"","twitterAppCountry":"","robots":{"noindex":true},"twitterAuthor":"username","primaryTerm":0,"authorName":"Danielius Goriunovas \/ Debesyla","titleTemplate":"%title% %page% %sep% %sitename%","descriptionTemplate":"%excerpt%","showScoreFrontend":true,"lockModifiedDate":false},"powerWords":[],"diacritics":{"A":"[\\u0041\\u24B6\\uFF21\\u00C0\\u00C1\\u00C2\\u1EA6\\u1EA4\\u1EAA\\u1EA8\\u00C3\\u0100\\u0102\\u1EB0\\u1EAE\\u1EB4\\u1EB2\\u0226\\u01E0\\u00C4\\u01DE\\u1EA2\\u00C5\\u01FA\\u01CD\\u0200\\u0202\\u1EA0\\u1EAC\\u1EB6\\u1E00\\u0104\\u023A\\u2C6F]","AA":"[\\uA732]","AE":"[\\u00C6\\u01FC\\u01E2]","AO":"[\\uA734]","AU":"[\\uA736]","AV":"[\\uA738\\uA73A]","AY":"[\\uA73C]","B":"[\\u0042\\u24B7\\uFF22\\u1E02\\u1E04\\u1E06\\u0243\\u0182\\u0181]","C":"[\\u0043\\u24B8\\uFF23\\u0106\\u0108\\u010A\\u010C\\u00C7\\u1E08\\u0187\\u023B\\uA73E]","D":"[\\u0044\\u24B9\\uFF24\\u1E0A\\u010E\\u1E0C\\u1E10\\u1E12\\u1E0E\\u0110\\u018B\\u018A\\u0189\\uA779]","DZ":"[\\u01F1\\u01C4]","Dz":"[\\u01F2\\u01C5]","E":"[\\u0045\\u24BA\\uFF25\\u00C8\\u00C9\\u00CA\\u1EC0\\u1EBE\\u1EC4\\u1EC2\\u1EBC\\u0112\\u1E14\\u1E16\\u0114\\u0116\\u00CB\\u1EBA\\u011A\\u0204\\u0206\\u1EB8\\u1EC6\\u0228\\u1E1C\\u0118\\u1E18\\u1E1A\\u0190\\u018E]","F":"[\\u0046\\u24BB\\uFF26\\u1E1E\\u0191\\uA77B]","G":"[\\u0047\\u24BC\\uFF27\\u01F4\\u011C\\u1E20\\u011E\\u0120\\u01E6\\u0122\\u01E4\\u0193\\uA7A0\\uA77D\\uA77E]","H":"[\\u0048\\u24BD\\uFF28\\u0124\\u1E22\\u1E26\\u021E\\u1E24\\u1E28\\u1E2A\\u0126\\u2C67\\u2C75\\uA78D]","I":"[\\u0049\\u24BE\\uFF29\\u00CC\\u00CD\\u00CE\\u0128\\u012A\\u012C\\u0130\\u00CF\\u1E2E\\u1EC8\\u01CF\\u0208\\u020A\\u1ECA\\u012E\\u1E2C\\u0197]","J":"[\\u004A\\u24BF\\uFF2A\\u0134\\u0248]","K":"[\\u004B\\u24C0\\uFF2B\\u1E30\\u01E8\\u1E32\\u0136\\u1E34\\u0198\\u2C69\\uA740\\uA742\\uA744\\uA7A2]","L":"[\\u004C\\u24C1\\uFF2C\\u013F\\u0139\\u013D\\u1E36\\u1E38\\u013B\\u1E3C\\u1E3A\\u0141\\u023D\\u2C62\\u2C60\\uA748\\uA746\\uA780]","LJ":"[\\u01C7]","Lj":"[\\u01C8]","M":"[\\u004D\\u24C2\\uFF2D\\u1E3E\\u1E40\\u1E42\\u2C6E\\u019C]","N":"[\\u004E\\u24C3\\uFF2E\\u01F8\\u0143\\u00D1\\u1E44\\u0147\\u1E46\\u0145\\u1E4A\\u1E48\\u0220\\u019D\\uA790\\uA7A4]","NJ":"[\\u01CA]","Nj":"[\\u01CB]","O":"[\\u004F\\u24C4\\uFF2F\\u00D2\\u00D3\\u00D4\\u1ED2\\u1ED0\\u1ED6\\u1ED4\\u00D5\\u1E4C\\u022C\\u1E4E\\u014C\\u1E50\\u1E52\\u014E\\u022E\\u0230\\u00D6\\u022A\\u1ECE\\u0150\\u01D1\\u020C\\u020E\\u01A0\\u1EDC\\u1EDA\\u1EE0\\u1EDE\\u1EE2\\u1ECC\\u1ED8\\u01EA\\u01EC\\u00D8\\u01FE\\u0186\\u019F\\uA74A\\uA74C]","OI":"[\\u01A2]","OO":"[\\uA74E]","OU":"[\\u0222]","P":"[\\u0050\\u24C5\\uFF30\\u1E54\\u1E56\\u01A4\\u2C63\\uA750\\uA752\\uA754]","Q":"[\\u0051\\u24C6\\uFF31\\uA756\\uA758\\u024A]","R":"[\\u0052\\u24C7\\uFF32\\u0154\\u1E58\\u0158\\u0210\\u0212\\u1E5A\\u1E5C\\u0156\\u1E5E\\u024C\\u2C64\\uA75A\\uA7A6\\uA782]","S":"[\\u0053\\u24C8\\uFF33\\u1E9E\\u015A\\u1E64\\u015C\\u1E60\\u0160\\u1E66\\u1E62\\u1E68\\u0218\\u015E\\u2C7E\\uA7A8\\uA784]","T":"[\\u0054\\u24C9\\uFF34\\u1E6A\\u0164\\u1E6C\\u021A\\u0162\\u1E70\\u1E6E\\u0166\\u01AC\\u01AE\\u023E\\uA786]","TZ":"[\\uA728]","U":"[\\u0055\\u24CA\\uFF35\\u00D9\\u00DA\\u00DB\\u0168\\u1E78\\u016A\\u1E7A\\u016C\\u00DC\\u01DB\\u01D7\\u01D5\\u01D9\\u1EE6\\u016E\\u0170\\u01D3\\u0214\\u0216\\u01AF\\u1EEA\\u1EE8\\u1EEE\\u1EEC\\u1EF0\\u1EE4\\u1E72\\u0172\\u1E76\\u1E74\\u0244]","V":"[\\u0056\\u24CB\\uFF36\\u1E7C\\u1E7E\\u01B2\\uA75E\\u0245]","VY":"[\\uA760]","W":"[\\u0057\\u24CC\\uFF37\\u1E80\\u1E82\\u0174\\u1E86\\u1E84\\u1E88\\u2C72]","X":"[\\u0058\\u24CD\\uFF38\\u1E8A\\u1E8C]","Y":"[\\u0059\\u24CE\\uFF39\\u1EF2\\u00DD\\u0176\\u1EF8\\u0232\\u1E8E\\u0178\\u1EF6\\u1EF4\\u01B3\\u024E\\u1EFE]","Z":"[\\u005A\\u24CF\\uFF3A\\u0179\\u1E90\\u017B\\u017D\\u1E92\\u1E94\\u01B5\\u0224\\u2C7F\\u2C6B\\uA762]","a":"[\\u0061\\u24D0\\uFF41\\u1E9A\\u00E0\\u00E1\\u00E2\\u1EA7\\u1EA5\\u1EAB\\u1EA9\\u00E3\\u0101\\u0103\\u1EB1\\u1EAF\\u1EB5\\u1EB3\\u0227\\u01E1\\u00E4\\u01DF\\u1EA3\\u00E5\\u01FB\\u01CE\\u0201\\u0203\\u1EA1\\u1EAD\\u1EB7\\u1E01\\u0105\\u2C65\\u0250]","aa":"[\\uA733]","ae":"[\\u00E6\\u01FD\\u01E3]","ao":"[\\uA735]","au":"[\\uA737]","av":"[\\uA739\\uA73B]","ay":"[\\uA73D]","b":"[\\u0062\\u24D1\\uFF42\\u1E03\\u1E05\\u1E07\\u0180\\u0183\\u0253]","c":"[\\u0063\\u24D2\\uFF43\\u0107\\u0109\\u010B\\u010D\\u00E7\\u1E09\\u0188\\u023C\\uA73F\\u2184]","d":"[\\u0064\\u24D3\\uFF44\\u1E0B\\u010F\\u1E0D\\u1E11\\u1E13\\u1E0F\\u0111\\u018C\\u0256\\u0257\\uA77A]","dz":"[\\u01F3\\u01C6]","e":"[\\u0065\\u24D4\\uFF45\\u00E8\\u00E9\\u00EA\\u1EC1\\u1EBF\\u1EC5\\u1EC3\\u1EBD\\u0113\\u1E15\\u1E17\\u0115\\u0117\\u00EB\\u1EBB\\u011B\\u0205\\u0207\\u1EB9\\u1EC7\\u0229\\u1E1D\\u0119\\u1E19\\u1E1B\\u0247\\u025B\\u01DD]","f":"[\\u0066\\u24D5\\uFF46\\u1E1F\\u0192\\uA77C]","g":"[\\u0067\\u24D6\\uFF47\\u01F5\\u011D\\u1E21\\u011F\\u0121\\u01E7\\u0123\\u01E5\\u0260\\uA7A1\\u1D79\\uA77F]","h":"[\\u0068\\u24D7\\uFF48\\u0125\\u1E23\\u1E27\\u021F\\u1E25\\u1E29\\u1E2B\\u1E96\\u0127\\u2C68\\u2C76\\u0265]","hv":"[\\u0195]","i":"[\\u0069\\u24D8\\uFF49\\u00EC\\u00ED\\u00EE\\u0129\\u012B\\u012D\\u00EF\\u1E2F\\u1EC9\\u01D0\\u0209\\u020B\\u1ECB\\u012F\\u1E2D\\u0268\\u0131]","j":"[\\u006A\\u24D9\\uFF4A\\u0135\\u01F0\\u0249]","k":"[\\u006B\\u24DA\\uFF4B\\u1E31\\u01E9\\u1E33\\u0137\\u1E35\\u0199\\u2C6A\\uA741\\uA743\\uA745\\uA7A3]","l":"[\\u006C\\u24DB\\uFF4C\\u0140\\u013A\\u013E\\u1E37\\u1E39\\u013C\\u1E3D\\u1E3B\\u017F\\u0142\\u019A\\u026B\\u2C61\\uA749\\uA781\\uA747]","lj":"[\\u01C9]","m":"[\\u006D\\u24DC\\uFF4D\\u1E3F\\u1E41\\u1E43\\u0271\\u026F]","n":"[\\u006E\\u24DD\\uFF4E\\u01F9\\u0144\\u00F1\\u1E45\\u0148\\u1E47\\u0146\\u1E4B\\u1E49\\u019E\\u0272\\u0149\\uA791\\uA7A5]","nj":"[\\u01CC]","o":"[\\u006F\\u24DE\\uFF4F\\u00F2\\u00F3\\u00F4\\u1ED3\\u1ED1\\u1ED7\\u1ED5\\u00F5\\u1E4D\\u022D\\u1E4F\\u014D\\u1E51\\u1E53\\u014F\\u022F\\u0231\\u00F6\\u022B\\u1ECF\\u0151\\u01D2\\u020D\\u020F\\u01A1\\u1EDD\\u1EDB\\u1EE1\\u1EDF\\u1EE3\\u1ECD\\u1ED9\\u01EB\\u01ED\\u00F8\\u01FF\\u0254\\uA74B\\uA74D\\u0275]","oi":"[\\u01A3]","ou":"[\\u0223]","oo":"[\\uA74F]","p":"[\\u0070\\u24DF\\uFF50\\u1E55\\u1E57\\u01A5\\u1D7D\\uA751\\uA753\\uA755]","q":"[\\u0071\\u24E0\\uFF51\\u024B\\uA757\\uA759]","r":"[\\u0072\\u24E1\\uFF52\\u0155\\u1E59\\u0159\\u0211\\u0213\\u1E5B\\u1E5D\\u0157\\u1E5F\\u024D\\u027D\\uA75B\\uA7A7\\uA783]","s":"[\\u0073\\u24E2\\uFF53\\u015B\\u1E65\\u015D\\u1E61\\u0161\\u1E67\\u1E63\\u1E69\\u0219\\u015F\\u023F\\uA7A9\\uA785\\u1E9B]","ss":"[\\u00DF]","t":"[\\u0074\\u24E3\\uFF54\\u1E6B\\u1E97\\u0165\\u1E6D\\u021B\\u0163\\u1E71\\u1E6F\\u0167\\u01AD\\u0288\\u2C66\\uA787]","tz":"[\\uA729]","u":"[\\u0075\\u24E4\\uFF55\\u00F9\\u00FA\\u00FB\\u0169\\u1E79\\u016B\\u1E7B\\u016D\\u00FC\\u01DC\\u01D8\\u01D6\\u01DA\\u1EE7\\u016F\\u0171\\u01D4\\u0215\\u0217\\u01B0\\u1EEB\\u1EE9\\u1EEF\\u1EED\\u1EF1\\u1EE5\\u1E73\\u0173\\u1E77\\u1E75\\u0289]","v":"[\\u0076\\u24E5\\uFF56\\u1E7D\\u1E7F\\u028B\\uA75F\\u028C]","vy":"[\\uA761]","w":"[\\u0077\\u24E6\\uFF57\\u1E81\\u1E83\\u0175\\u1E87\\u1E85\\u1E98\\u1E89\\u2C73]","x":"[\\u0078\\u24E7\\uFF58\\u1E8B\\u1E8D]","y":"[\\u0079\\u24E8\\uFF59\\u1EF3\\u00FD\\u0177\\u1EF9\\u0233\\u1E8F\\u00FF\\u1EF7\\u1E99\\u1EF5\\u01B4\\u024F\\u1EFF]","z":"[\\u007A\\u24E9\\uFF5A\\u017A\\u1E91\\u017C\\u017E\\u1E93\\u1E95\\u01B6\\u0225\\u0240\\u2C6C\\uA763]"},"researchesTests":["contentHasTOC","contentHasShortParagraphs","contentHasAssets","keywordInTitle","keywordInMetaDescription","keywordInPermalink","keywordIn10Percent","keywordInContent","keywordInSubheadings","keywordInImageAlt","keywordDensity","keywordNotUsed","lengthContent","lengthPermalink","linksHasInternal","linksHasExternals","linksNotAllExternals","titleStartWithKeyword","titleSentiment","titleHasPowerWords","titleHasNumber","hasContentAI"],"hasRedirection":true,"hasBreadcrumb":false},"homeUrl":"https:\/\/debesyla.lt\/lv","objectID":10868,"objectType":"post","locale":"lv","localeFull":"lv","overlayImages":{"play":{"name":"Play icon","url":"https:\/\/debesyla.lt\/wp-content\/plugins\/seo-by-rank-math\/assets\/admin\/img\/icon-play.png","path":"\/home\/u911523350\/domains\/debesyla.lt\/public_html\/wp-content\/plugins\/seo-by-rank-math\/assets\/admin\/img\/icon-play.png","position":"middle_center"},"gif":{"name":"GIF icon","url":"https:\/\/debesyla.lt\/wp-content\/plugins\/seo-by-rank-math\/assets\/admin\/img\/icon-gif.png","path":"\/home\/u911523350\/domains\/debesyla.lt\/public_html\/wp-content\/plugins\/seo-by-rank-math\/assets\/admin\/img\/icon-gif.png","position":"middle_center"}},"defautOgImage":"https:\/\/debesyla.lt\/wp-content\/uploads\/2019\/08\/cropped-debesylos-uzrasai.jpg","customPermalinks":true,"isUserRegistered":false,"autoSuggestKeywords":false,"connectSiteUrl":"https:\/\/rankmath.com\/auth?site=https%3A%2F%2Fdebesyla.lt%2Flv&r=https%3A%2F%2Fdebesyla.lt%2Flv%2Fwp-json%2Fwp%2Fv2%2Fpages%2F10868%3Fnonce%3Df28d4e75a0","maxTags":5,"trendsIcon":"<svg viewBox=\"0 0 610 610\"><path d=\"M18.85,446,174.32,290.48l58.08,58.08L76.93,504a14.54,14.54,0,0,1-20.55,0L18.83,466.48a14.54,14.54,0,0,1,0-20.55Z\" style=\"fill:#4285f4\"\/><path d=\"M242.65,242.66,377.59,377.6l-47.75,47.75a14.54,14.54,0,0,1-20.55,0L174.37,290.43l47.75-47.75A14.52,14.52,0,0,1,242.65,242.66Z\" style=\"fill:#ea4335\"\/><polygon points=\"319.53 319.53 479.26 159.8 537.34 217.88 377.61 377.62 319.53 319.53\" style=\"fill:#fabb05\"\/><path d=\"M594.26,262.73V118.61h0a16.94,16.94,0,0,0-16.94-16.94H433.2a16.94,16.94,0,0,0-12,28.92L565.34,274.71h0a16.94,16.94,0,0,0,28.92-12Z\" style=\"fill:#34a853\"\/><rect width=\"610\" height=\"610\" style=\"fill:none\"\/><\/svg>","showScore":true,"siteFavIcon":"https:\/\/debesyla.lt\/wp-content\/uploads\/2019\/09\/cropped-galva-rozine-2-32x32.png","canUser":{"general":false,"advanced":false,"snippet":false,"social":false,"analysis":false,"analytics":false,"content_ai":false},"showKeywordIntent":true,"isPro":false,"is_front_page":false,"trendsUpgradeLink":"https:\/\/rankmath.com\/pricing\/?utm_source=Plugin&utm_medium=CE%20General%20Tab%20Trends&utm_campaign=WP","trendsUpgradeLabel":"Upgrade","trendsPreviewImage":"https:\/\/debesyla.lt\/wp-content\/plugins\/seo-by-rank-math\/assets\/admin\/img\/trends-preview.jpg","currentEditor":false,"homepageData":{"assessor":{"powerWords":[],"diacritics":true,"researchesTests":["contentHasTOC","contentHasShortParagraphs","contentHasAssets","keywordInTitle","keywordInMetaDescription","keywordInPermalink","keywordIn10Percent","keywordInContent","keywordInSubheadings","keywordInImageAlt","keywordDensity","keywordNotUsed","lengthContent","lengthPermalink","linksHasInternal","linksHasExternals","linksNotAllExternals","titleStartWithKeyword","titleSentiment","titleHasPowerWords","titleHasNumber","hasContentAI"],"hasBreadcrumb":false,"serpData":{"title":"%sitename% %page% %sep% %sitedesc%","description":"","titleTemplate":"%sitename% %page% %sep% %sitedesc%","descriptionTemplate":"","focusKeywords":"","breadcrumbTitle":"Home","robots":{"index":true},"advancedRobots":{"max-snippet":"-1","max-video-preview":"-1","max-image-preview":"large"},"facebookTitle":"","facebookDescription":"","facebookImage":"","facebookImageID":""}}},"tocTitle":"Table of Contents","tocExcludeHeadings":[],"listStyle":"ul"},"_links":{"self":[{"href":"https:\/\/debesyla.lt\/lv\/wp-json\/wp\/v2\/pages\/10868","targetHints":{"allow":["GET"]}}],"collection":[{"href":"https:\/\/debesyla.lt\/lv\/wp-json\/wp\/v2\/pages"}],"about":[{"href":"https:\/\/debesyla.lt\/lv\/wp-json\/wp\/v2\/types\/page"}],"author":[{"embeddable":true,"href":"https:\/\/debesyla.lt\/lv\/wp-json\/wp\/v2\/users\/1"}],"replies":[{"embeddable":true,"href":"https:\/\/debesyla.lt\/lv\/wp-json\/wp\/v2\/comments?post=10868"}],"version-history":[{"count":0,"href":"https:\/\/debesyla.lt\/lv\/wp-json\/wp\/v2\/pages\/10868\/revisions"}],"up":[{"embeddable":true,"href":"https:\/\/debesyla.lt\/lv\/wp-json\/wp\/v2\/pages\/10371"}],"wp:attachment":[{"href":"https:\/\/debesyla.lt\/lv\/wp-json\/wp\/v2\/media?parent=10868"}],"curies":[{"name":"wp","href":"https:\/\/api.w.org\/{rel}","templated":true}]}}