{"id":10848,"date":"2017-06-01T13:22:34","date_gmt":"2017-06-01T10:22:34","guid":{"rendered":"https:\/\/debesyla.lt\/?page_id=10848"},"modified":"2021-02-21T02:12:29","modified_gmt":"2021-02-21T00:12:29","slug":"padarai","status":"publish","type":"page","link":"https:\/\/debesyla.lt\/lv\/tm\/radibas\/","title":{"rendered":"J\u016bs to dar\u0101t"},"content":{"rendered":"<p>No vis\u0101m laika un darba pl\u0101no\u0161anas sist\u0113m\u0101m \u0161\u012b ir visefekt\u012bv\u0101k\u0101.<\/p>\n<p>J\u0101, saraksti ir jauki. Piez\u012bmju gr\u0101mati\u0146as, grunt\u0113tas ar visu veidu z\u012bm\u0113m un burtiem; apgaismoti ekr\u0101ni, kas par\u0101da j\u016bsu svar\u012bg\u0101ko dienas darbu.<\/p>\n<p>Kam tie saraksti dom\u0101ti?<\/p>\n<p><strong>Imi<\/strong><br \/>\n\u2026un\u2026<br \/>\n<strong>J\u016bs to dar\u0101t<\/strong><\/p>\n<p><strong>J\u016bs to dar\u0101t <\/strong>ir mantra, kas j\u0101atk\u0101rto sev katru dienu. No r\u012bta, p\u0113c pusdien\u0101m vai vakar\u0101, l\u012bdz pat gul\u0113tie\u0161anai.<\/p>\n<p><strong>J\u016bs to dar\u0101t <\/strong>- tas at\u0161\u0137ir tos, kas savu laiku izmanto praktiski, un tos, kas tikai sap\u0146o.<\/p>\n<p><strong>J\u016bs to dar\u0101t<\/strong>. Kas tev nav skaidrs?<\/p>\n<p>Vai nezin\u0101t, ko j\u016bs dar\u0101t?<\/p>\n<p><strong>\u2026K\u0101p\u0113c j\u016bs visp\u0101r v\u0113laties kaut ko dar\u012bt? <\/strong>Vai tu esi stulbs? K\u0101p\u0113c to dar\u012bt, ja nezini, ko v\u0113lies dar\u012bt!? Vai darba laik\u0101 cerat saprast, ko j\u016bs \u0161eit dar\u0101t?<br \/>\nVai neesat p\u0101rliecin\u0101ts, kad s\u0101kt?<\/p>\n<p><strong>\u2026K\u0101p\u0113c ne tagad? <\/strong>K\u0101 &quot;v\u0113l\u0101k&quot; \u0161\u0137iet lab\u0101ks laiks nek\u0101 tagad? Jo tad j\u016bs, piem\u0113ram, maz\u0101k baid\u0101ties? Ha!<\/p>\n<p>Vai nezin\u0101t, ko dar\u012bt t\u0101l\u0101k?<\/p>\n<p><strong>\u2026Un k\u0101p\u0113c gan r\u016bp\u0113ties, ja tu pat nepakustini savu dupsi par pirmo soli? <\/strong>Mans d\u0101rgais, tu skaties p\u0101r\u0101k t\u0101lu. Vispirms dariet to, kas j\u0101dara.<\/p>\n<p>Neviena burvju sist\u0113ma neatrisin\u0101s j\u016bsu probl\u0113mas.<\/p>\n<p><strong>Imi<\/strong><br \/>\n\u2026un\u2026<br \/>\n<strong>J\u016bs to dar\u0101t<\/strong><\/p>\n<p>\u0160a. \u0160\u012b v\u0113lme atlikt, pl\u0101not, masturb\u0113t ir tikai bailes.<\/p>\n<p>Bailes, ka kaut kas neizdosies... Bet m\u0113s visi piedz\u012bvojam \u0161\u012bs bailes. Tom\u0113r da\u017ei no mums to dara, bet citi pl\u0101nojam &quot;lab\u0101ku&quot; laiku.<\/p>\n<p><strong>Imi<\/strong><br \/>\n\u2026un\u2026<br \/>\n<strong>TU DARI<\/strong><\/p>\n<p>J\u0101iznes miskaste? <strong>n\u0113s\u0101t<\/strong><br \/>\nJ\u0101sak\u0101rto m\u0101ja? <strong>P\u0101rvaldiet to.<\/strong><br \/>\nVajag vingrot? <strong>EJ, BLET UN PAMATO, J\u016aS IZB\u016aT.<\/strong><br \/>\nKo v\u0113l j\u016bs te las\u0101t?<\/p>\n<p>\u2026Vai jums tie\u0161\u0101m ir nepiecie\u0161ami piecpadsmit atk\u0101rtoti pl\u0101ni? Varb\u016bt tev galva nedaudz nepareiza, vai k\u0101 te saprast?<\/p>\n<p><strong>Imi<\/strong><br \/>\n\u2026un\u2026<br \/>\n<strong>J\u016bs to dar\u0101t<\/strong><\/p>\n<p>Ja j\u016bs joproj\u0101m to nedar\u0101t, tad god\u012bgi pajaut\u0101jiet sev: vai j\u016bs patie\u0161\u0101m v\u0113laties to dar\u012bt? Vai varb\u016bt nev\u0113lies?<\/p>\n<p>J\u016bsu pl\u0101no\u0161ana ir slinkums, un slinkums par\u0101da to, ko j\u016bs nev\u0113laties. \u2026K\u0101p\u0113c? Varb\u016bt tev to nevajag? Varb\u016bt darbu var\u0113tu lab\u0101k paveikt citi? Varb\u016bt j\u016bs var\u0113tu to automatiz\u0113t?<\/p>\n<p>Atvainojiet, es p\u0101rtraucu sevi.<\/p>\n<p><strong>Turpiniet las\u012bt gr\u0101matu.<\/strong><\/p>\n<p>Bet padom\u0101jiet \u2013 ja sist\u0113ma &quot;I DO IT&quot; darbojas man, varb\u016bt t\u0101 der\u0113s ar\u012b jums?<\/p>\n<p><strong>Imi<br \/>\n<\/strong>\u2026un\u2026<br \/>\n<strong>J\u016bs to dar\u0101t<\/strong><\/p>\n<p><a href=\"https:\/\/debesyla.lt\/lv\/sakt\/\">Ja lam\u0101\u0161an\u0101s pal\u012bdz\u0113s - zv\u0113r un s\u0101c. Ja tas nepal\u012bdz, nemainiet un s\u0101ciet tik un t\u0101. <\/a><\/p>\n<p>Varb\u016bt pam\u0113\u0123in\u0101sim kop\u0101?<\/p>","protected":false},"excerpt":{"rendered":"<p>No vis\u0101m laika un darba pl\u0101no\u0161anas sist\u0113m\u0101m \u0161\u012b ir visefekt\u012bv\u0101k\u0101.<\/p>","protected":false},"author":1,"featured_media":0,"parent":10371,"menu_order":0,"comment_status":"closed","ping_status":"closed","template":"blank-page.php","meta":{"footnotes":"","tve_updated_post":"","tve_custom_css":"","tve_user_custom_css":"","tve_globals":{},"tcb2_ready":1,"tcb_editor_enabled":0,"tve_landing_page":"","_tve_header":"","_tve_footer":""},"class_list":["post-10848","page","type-page","status-publish"],"_links":{"self":[{"href":"https:\/\/debesyla.lt\/lv\/wp-json\/wp\/v2\/pages\/10848","targetHints":{"allow":["GET"]}}],"collection":[{"href":"https:\/\/debesyla.lt\/lv\/wp-json\/wp\/v2\/pages"}],"about":[{"href":"https:\/\/debesyla.lt\/lv\/wp-json\/wp\/v2\/types\/page"}],"author":[{"embeddable":true,"href":"https:\/\/debesyla.lt\/lv\/wp-json\/wp\/v2\/users\/1"}],"replies":[{"embeddable":true,"href":"https:\/\/debesyla.lt\/lv\/wp-json\/wp\/v2\/comments?post=10848"}],"version-history":[{"count":0,"href":"https:\/\/debesyla.lt\/lv\/wp-json\/wp\/v2\/pages\/10848\/revisions"}],"up":[{"embeddable":true,"href":"https:\/\/debesyla.lt\/lv\/wp-json\/wp\/v2\/pages\/10371"}],"wp:attachment":[{"href":"https:\/\/debesyla.lt\/lv\/wp-json\/wp\/v2\/media?parent=10848"}],"curies":[{"name":"wp","href":"https:\/\/api.w.org\/{rel}","templated":true}]}}