{"id":10433,"date":"2017-04-17T14:11:24","date_gmt":"2017-04-17T11:11:24","guid":{"rendered":"https:\/\/debesyla.lt\/tm\/333-archyvas\/"},"modified":"2022-07-13T12:56:56","modified_gmt":"2022-07-13T09:56:56","slug":"drabuziai","status":"publish","type":"page","link":"https:\/\/debesyla.lt\/lv\/tm\/drebes\/","title":{"rendered":"Ap\u0123\u0113rbs (arh\u012bvs)"},"content":{"rendered":"<p>&nbsp;<\/p>\n<div class=\"highlight-2\" style=\"text-align: center; padding: 2.5rem 7.5rem;\">\n<p>\u0160is teksts ir\u00a0<strong>arh\u012bvs.\u00a0<\/strong>S\u0101kotn\u0113jais raksts par\u0101d\u012bj\u0101s: <a href=\"https:\/\/web.archive.org\/web\/20170629114831\/http:\/\/tunusipelnei.blogspot.lt\/2014\/06\/projektas-333-pradzia.html\" target=\"_blank\" rel=\"noopener\">\u00a0http:\/\/tunusipelnei.blogspot.lt\/2014\/06\/projektas-333-pradzia.html<\/a><\/p>\n<p><strong>Uz\u0146emts: <\/strong>2017-04-16<\/p>\n<\/div>\n<h1 class=\"page-title entry-title title-single\">Projekts 333: s\u0101kums.<\/h1>\n<div class=\"post-body entry-content\">\n<p>\u0160\u0101 gada pirmais apr\u012blis man noz\u012bm\u0113 nedaudz vair\u0101k nek\u0101 kalend\u0101r\u0101s vasaras s\u0101kums.<\/p>\n<p>No \u0161odienas es s\u0101ku piedal\u012bties projekt\u0101 333, kas noz\u012bm\u0113 izaicin\u0101t savus pat\u0113r\u0113t\u0101ju ieradumus, improviz\u0113t un vienlaikus atvieglot manas skapja, ve\u013cas mazg\u0101jam\u0101s ma\u0161\u012bnas un, cerams, laiku, ko pavadu pie spogulis no r\u012btiem. Par ko es te run\u0101ju? T\u016bl\u012bt visu paskaidro\u0161u.<\/p>\n<p><a href=\"http:\/\/theproject333.com\/about\/\" target=\"_blank\" rel=\"noopener noreferrer\">333.projekts<\/a> ir br\u012bni\u0161\u0137\u012bgs projekts, kura m\u0113r\u0137is ir iem\u0101c\u012bties dz\u012bvot vienk\u0101r\u0161\u0101k. Kortnija, kura izveidoja projektu, n\u0101ca klaj\u0101 ar ideju visu sezonu (tas ir, tr\u012bs m\u0113ne\u0161us) valk\u0101t tikai 33 dr\u0113bes. \u0160\u0137iet, ka skaitlis ir \u013coti mazs, jo \u012bpa\u0161i t\u0101p\u0113c, ka tas ietver \u0101ra ap\u0123\u0113rbu un apavus? Tom\u0113r gan Kortnija, gan vi\u0146as projekt\u0101 iesaist\u012btie cilv\u0113ki uzskata, ka ar \u0161o ap\u0123\u0113rbu daudzumu ir pietiekami (un da\u017ereiz pat p\u0101r\u0101k daudz), lai dz\u012bvotu komfortablu dz\u012bvi, neapgr\u016btinot sevi ar nevajadz\u012bg\u0101m, nevalk\u0101jam\u0101m dr\u0113b\u0113m un net\u0113r\u0113jot laiku pie skapja, s\u016bdzoties, ka &quot;es nav ko \u0123\u0113rbt.&quot;<\/p>\n<p>J\u0101atz\u012bst, ka man p\u0113d\u0113j\u0101 laik\u0101 bie\u017ei ir piemekl\u0113jusi \u0161\u012b &quot;man nav ko vilkt&quot; vai &quot;mans skapis b\u016btu ide\u0101ls, ja man v\u0113l b\u016btu tas, tas un tas&quot; probl\u0113ma. Bet vai tie\u0161\u0101m man vajag kaut ko vair\u0101k? Vai tie\u0161\u0101m p\u0113c labas izp\u0101rdo\u0161anas veikal\u0101 man ir j\u0101steidzas un j\u0101p\u0113rk dr\u0113bes, &quot;jo v\u0113l\u0101k neb\u016bs tik l\u0113ti&quot;? Ilgu laiku es t\u0113r\u0113ju liel\u0101ko da\u013cu savas naudas ap\u0123\u0113rbam, bet kaut k\u0101 nekad par to neuztraucos, jo man tas bija j\u0113ga. Bet p\u0113c &quot;Projekta 333&quot; atkl\u0101\u0161anas es visu p\u0101rdom\u0101ju \u2013 vai tie\u0161\u0101m man v\u0113l ir lietas? Vai man tie\u0161\u0101m vajag visus, kas man ir? Galu gal\u0101 nav jau t\u0101, ka viss, kas kar\u0101jas\/gu\u013c\/m\u0113t\u0101jas skap\u012b, ir valk\u0101jams \u2013 es parasti izv\u0113los da\u017eas m\u012b\u013c\u0101k\u0101s dr\u0113bes un valk\u0101ju t\u0101s liel\u0101ko da\u013cu laika. T\u0101p\u0113c es nol\u0113mu visu main\u012bt un pie\u0146emt projekta izaicin\u0101jumu. J\u0101atz\u012bst, ka man tas ne\u0161\u0137iet \u012bpa\u0161i viegli, bet \u013coti ceru, ka man tas izdosies.<\/p>\n<p>T\u0101tad, tagad nedaudz par projekta noteikumiem. S\u0101kotn\u0113jie noteikumi ir \u0161\u0101di:<br \/>\n1. J\u0101izveido garderobe sezonai (uz trim m\u0113ne\u0161iem) no 33 dr\u0113b\u0113m. \u0160aj\u0101 sarakst\u0101 ir iek\u013cauti apavi, \u0101ra ap\u0123\u0113rbs, rotaslietas un aksesu\u0101ri. Sarakst\u0101 nav iek\u013cauta apak\u0161ve\u013ca, peldkost\u012bms, m\u0101jas ap\u0123\u0113rbs (ja tas tiek vilkts tikai m\u0101j\u0101s), darba ap\u0123\u0113rbs, str\u0101d\u0101jot ar formas t\u0113rpiem, sporta ap\u0123\u0113rbs (ar nosac\u012bjumu, ka tas tiek vilkts tikai sporta laik\u0101). Visas p\u0101r\u0113j\u0101s dr\u0113bes, kas jums ir, ir j\u0101saliek kast\u0113s un j\u0101pasl\u0113pj l\u012bdz n\u0101kamajai sezonai.<br \/>\n2. Ja ap\u0123\u0113rba gabals pl\u012bst vai vairs neder (svara pieauguma vai zaud\u0113\u0161anas u.tml. d\u0113\u013c), to var aizst\u0101t ar citu, bet svar\u012bgi, lai tiktu saglab\u0101ts 33 ap\u0123\u0113rba gabalu skaits \u2014 tas ir, ja tiek uzlikts viens ap\u0123\u0113rba gabals. iesl\u0113gts, otrs ir j\u0101no\u0146em.<br \/>\n3. Katrs dal\u012bbnieks projekta noteikumus var piel\u0101got sev \u2013 piem\u0113ram, ja k\u0101dam patur\u0113t tikai 33 dr\u0113bes ir nere\u0101ls izaicin\u0101jums, var s\u0101kt ar 50 un n\u0101kamaj\u0101 sezon\u0101 \u0161o skaitu samazin\u0101t. Varat ar\u012b izv\u0113l\u0113ties \u0161aj\u0101 numur\u0101 neiek\u013caut apavus, rotaslietas utt.<br \/>\n<b>Pamatnoteikums:<\/b> nevajag sevi moc\u012bt. Ja k\u0101d\u0101 br\u012bd\u012b redzat, ka j\u016bsu skap\u012b ir p\u0101r\u0101k maz siltu dr\u0113bju vai kas taml\u012bdz\u012bgs, vienm\u0113r varat piel\u0101got 33. Tom\u0113r ir svar\u012bgi sevi p\u0101r\u0101k neizdab\u0101t un p\u0101r\u0123\u0113rbties tikai tad, kad <b>tie\u0161\u0101m<\/b> tas ir vajadz\u012bgs.<\/p>\n<p>Lai j\u016bs zin\u0101tu, cik smagi es saliku savu top 33. Pirmk\u0101rt, man \u0161\u0137ita, ka tas ir p\u0101r\u0101k fantastiski, lai iek\u013cautu virsdr\u0113bes, apavus un rokassomas! Tiesa, nol\u0113mu izv\u0113l\u0113ties nedaudz viegl\u0101kus noteikumus - aksesu\u0101rus (rotaslietas, jostas, \u0161alles) sav\u0101 sarakst\u0101 neiek\u013c\u0101vu. Es m\u0113\u0123in\u0101ju sak\u0101rtot sarakstu \u0161\u0101d\u0101 un cit\u0101 veid\u0101, l\u012bdz beidzot sa\u0161aurin\u0101ju to l\u012bdz atlas\u012btajam 33. T\u0101tad, \u0161eit ir mana izv\u0113le:<\/p>\n<p>2 d\u017einsi<br \/>\n3 krekli<br \/>\n5 bl\u016bzes<br \/>\n4 d\u017eemperi<br \/>\n6 kleitas<br \/>\n1 jaka<br \/>\n4 apavu p\u0101ri<br \/>\n2 sv\u0101rki<br \/>\n1 m\u0113telis<br \/>\n3 rokassomas<br \/>\n1 auduma maisi\u0146\u0161<br \/>\n1 kombinezons<\/p>\n<p>Un, l\u016bk, ieskats tuv\u0101k (atvainojos par slikto kvalit\u0101ti, mans fotoapar\u0101ts \u012bslaic\u012bgi atrodas \u0101rpus pils\u0113tas un, fotograf\u0113jot ar telefonu, dr\u0113bes k\u013cuva zil\u0101kas nek\u0101 paties\u012bb\u0101):<\/p>\n<div class=\"separator\"><img decoding=\"async\" src=\"http:\/\/s6.postimg.org\/qdqvaz19t\/koliazas.jpg\" width=\"640\" height=\"608\" border=\"0\" \/><\/div>\n<div class=\"separator\"><\/div>\n<div class=\"separator\">Vai varat notic\u0113t, ka tas ir viss, ko es valk\u0101\u0161u n\u0101kamos tr\u012bs m\u0113ne\u0161us? Izklaus\u0101s p\u0113c nopietna izaicin\u0101juma, vai ne? Nu vismaz b\u016bs daudz vienk\u0101r\u0161\u0101k visu nomazg\u0101t, vai salikt kofer\u012b pa ce\u013cam uz j\u016bru.<\/div>\n<div class=\"separator\"><\/div>\n<div class=\"separator\">Un vienalga, b\u016bs interesanti m\u0113\u0123in\u0101t no jauna atkl\u0101t savu stilu ar ierobe\u017eotu ap\u0123\u0113rbu daudzumu, pav\u0113rot, kuras valk\u0101ju visvair\u0101k un kuras n\u0113, un atkl\u0101t, cik daudz mantu man tie\u0161\u0101m vajag. Ceru, ka dev\u012bze &quot;Esi vair\u0101k ar maz\u0101ku&quot; mani iedro\u0161in\u0101s un ved\u012bs uz priek\u0161u. Un, lai man b\u016btu jautr\u0101k un sekotu l\u012bdzi savam progresam, es \u0161aj\u0101 emu\u0101r\u0101 dal\u012b\u0161os ar saviem t\u0113rpiem katrai dienai un <a href=\"http:\/\/instagram.com\/tunusipelnei\" target=\"_blank\" rel=\"noopener noreferrer\">Instagram<\/a> kont\u0101.<\/div>\n<div class=\"separator\"><\/div>\n<div class=\"separator\">S\u0101k\u0161u ar \u0161\u012b \u2013 pirm\u0101s dienas \u2013 t\u0113rpa fotogr\u0101fij\u0101m:<\/div>\n<div class=\"separator\"><\/div>\n<div class=\"separator\"><\/div>\n<div class=\"separator\"><\/div>\n<div class=\"separator\"><img decoding=\"async\" src=\"http:\/\/s6.postimg.org\/pj4boxtf5\/1day22.jpg\" width=\"426\" height=\"640\" border=\"0\" \/><\/div>\n<div class=\"separator\"><\/div>\n<div class=\"separator\"><img decoding=\"async\" src=\"http:\/\/s6.postimg.org\/6fb08lgkx\/1day3.jpg\" width=\"426\" height=\"640\" border=\"0\" \/><\/div>\n<div class=\"separator\"><\/div>\n<div class=\"separator\">Un k\u0101da k\u0101rt\u012bba ir tav\u0101 skap\u012b? Vai tu visu laiku valk\u0101 visas dr\u0113bes, ko tur tur? Varb\u016bt v\u0113lies pievienoties projektam un kop\u0101 izaicin\u0101t sevi? Tas nekad nav par v\u0113lu!<\/div>\n<\/div>","protected":false},"excerpt":{"rendered":"<p>&nbsp; \u0160is teksts ir arhiv\u0113ts. Ori\u0123in\u0101lais raksts public\u0113ts: http:\/\/tunusipelnei.blogspot.lt\/2014\/06\/projektas-333-pradzia.html Lejupiel\u0101d\u0113ts: 2017-04-16 Projekts 333: S\u0101kums. Gada s\u0101kums man noz\u012bm\u0113 mazliet vair\u0101k nek\u0101 kalend\u0101r\u0101s vasaras s\u0101kums. S\u0101kot ar \u0161odienu, es piedalos projekt\u0101 333, kas noz\u012bm\u0113 izaicin\u0101jumu maniem pat\u0113r\u0113t\u0101ja ieradumiem, improviz\u0101cijas iesp\u0113j\u0101m un vienlaikus ar\u012b atvieglojumu manam skapim, ve\u013cas ma\u0161\u012bnai un, cerams, ar\u012b laikam, ko pavad\u012b\u0161u no r\u012btiem [...].<\/p>","protected":false},"author":1,"featured_media":0,"parent":10371,"menu_order":0,"comment_status":"closed","ping_status":"closed","template":"blank-page.php","meta":{"footnotes":""},"class_list":["post-10433","page","type-page","status-publish"],"rankMath":{"parentDomain":"debesyla.lt","noFollowDomains":[],"noFollowExcludeDomains":[],"noFollowExternalLinks":false,"featuredImageNotice":"The featured image should be at least 200 by 200 pixels to be picked up by Facebook and other social media sites.","pluginReviewed":false,"postSettings":{"linkSuggestions":true,"useFocusKeyword":false},"frontEndScore":false,"postName":"drabuziai","permalinkFormat":"https:\/\/debesyla.lt\/lv\/tm\/%pagename%\/","showLockModifiedDate":true,"assessor":{"focusKeywordLink":"https:\/\/debesyla.lt\/wp-admin\/edit.php?focus_keyword=%focus_keyword%&post_type=%post_type%","hasTOCPlugin":{"thrive-visual-editor\/thrive-visual-editor.php":"Thrive Architect"},"primaryTaxonomy":false,"serpData":{"title":"","description":"","focusKeywords":"","pillarContent":false,"canonicalUrl":"http:\/\/tunusipelnei.blogspot.lt\/2014\/06\/projektas-333-pradzia.html","breadcrumbTitle":"","advancedRobots":{"max-snippet":"-1","max-video-preview":"-1","max-image-preview":"large"},"facebookTitle":"","facebookDescription":"","facebookImage":"","facebookImageID":"","facebookHasOverlay":false,"facebookImageOverlay":"","facebookAuthor":"","twitterCardType":"","twitterUseFacebook":true,"twitterTitle":"","twitterDescription":"","twitterImage":"","twitterImageID":"","twitterHasOverlay":false,"twitterImageOverlay":"","twitterPlayerUrl":"","twitterPlayerSize":"","twitterPlayerStream":"","twitterPlayerStreamCtype":"","twitterAppDescription":"","twitterAppIphoneName":"","twitterAppIphoneID":"","twitterAppIphoneUrl":"","twitterAppIpadName":"","twitterAppIpadID":"","twitterAppIpadUrl":"","twitterAppGoogleplayName":"","twitterAppGoogleplayID":"","twitterAppGoogleplayUrl":"","twitterAppCountry":"","robots":{"noindex":true},"twitterAuthor":"username","primaryTerm":0,"authorName":"Danielius Goriunovas \/ Debesyla","titleTemplate":"%title% %page% %sep% %sitename%","descriptionTemplate":"%excerpt%","showScoreFrontend":true,"lockModifiedDate":false},"powerWords":[],"diacritics":{"A":"[\\u0041\\u24B6\\uFF21\\u00C0\\u00C1\\u00C2\\u1EA6\\u1EA4\\u1EAA\\u1EA8\\u00C3\\u0100\\u0102\\u1EB0\\u1EAE\\u1EB4\\u1EB2\\u0226\\u01E0\\u00C4\\u01DE\\u1EA2\\u00C5\\u01FA\\u01CD\\u0200\\u0202\\u1EA0\\u1EAC\\u1EB6\\u1E00\\u0104\\u023A\\u2C6F]","AA":"[\\uA732]","AE":"[\\u00C6\\u01FC\\u01E2]","AO":"[\\uA734]","AU":"[\\uA736]","AV":"[\\uA738\\uA73A]","AY":"[\\uA73C]","B":"[\\u0042\\u24B7\\uFF22\\u1E02\\u1E04\\u1E06\\u0243\\u0182\\u0181]","C":"[\\u0043\\u24B8\\uFF23\\u0106\\u0108\\u010A\\u010C\\u00C7\\u1E08\\u0187\\u023B\\uA73E]","D":"[\\u0044\\u24B9\\uFF24\\u1E0A\\u010E\\u1E0C\\u1E10\\u1E12\\u1E0E\\u0110\\u018B\\u018A\\u0189\\uA779]","DZ":"[\\u01F1\\u01C4]","Dz":"[\\u01F2\\u01C5]","E":"[\\u0045\\u24BA\\uFF25\\u00C8\\u00C9\\u00CA\\u1EC0\\u1EBE\\u1EC4\\u1EC2\\u1EBC\\u0112\\u1E14\\u1E16\\u0114\\u0116\\u00CB\\u1EBA\\u011A\\u0204\\u0206\\u1EB8\\u1EC6\\u0228\\u1E1C\\u0118\\u1E18\\u1E1A\\u0190\\u018E]","F":"[\\u0046\\u24BB\\uFF26\\u1E1E\\u0191\\uA77B]","G":"[\\u0047\\u24BC\\uFF27\\u01F4\\u011C\\u1E20\\u011E\\u0120\\u01E6\\u0122\\u01E4\\u0193\\uA7A0\\uA77D\\uA77E]","H":"[\\u0048\\u24BD\\uFF28\\u0124\\u1E22\\u1E26\\u021E\\u1E24\\u1E28\\u1E2A\\u0126\\u2C67\\u2C75\\uA78D]","I":"[\\u0049\\u24BE\\uFF29\\u00CC\\u00CD\\u00CE\\u0128\\u012A\\u012C\\u0130\\u00CF\\u1E2E\\u1EC8\\u01CF\\u0208\\u020A\\u1ECA\\u012E\\u1E2C\\u0197]","J":"[\\u004A\\u24BF\\uFF2A\\u0134\\u0248]","K":"[\\u004B\\u24C0\\uFF2B\\u1E30\\u01E8\\u1E32\\u0136\\u1E34\\u0198\\u2C69\\uA740\\uA742\\uA744\\uA7A2]","L":"[\\u004C\\u24C1\\uFF2C\\u013F\\u0139\\u013D\\u1E36\\u1E38\\u013B\\u1E3C\\u1E3A\\u0141\\u023D\\u2C62\\u2C60\\uA748\\uA746\\uA780]","LJ":"[\\u01C7]","Lj":"[\\u01C8]","M":"[\\u004D\\u24C2\\uFF2D\\u1E3E\\u1E40\\u1E42\\u2C6E\\u019C]","N":"[\\u004E\\u24C3\\uFF2E\\u01F8\\u0143\\u00D1\\u1E44\\u0147\\u1E46\\u0145\\u1E4A\\u1E48\\u0220\\u019D\\uA790\\uA7A4]","NJ":"[\\u01CA]","Nj":"[\\u01CB]","O":"[\\u004F\\u24C4\\uFF2F\\u00D2\\u00D3\\u00D4\\u1ED2\\u1ED0\\u1ED6\\u1ED4\\u00D5\\u1E4C\\u022C\\u1E4E\\u014C\\u1E50\\u1E52\\u014E\\u022E\\u0230\\u00D6\\u022A\\u1ECE\\u0150\\u01D1\\u020C\\u020E\\u01A0\\u1EDC\\u1EDA\\u1EE0\\u1EDE\\u1EE2\\u1ECC\\u1ED8\\u01EA\\u01EC\\u00D8\\u01FE\\u0186\\u019F\\uA74A\\uA74C]","OI":"[\\u01A2]","OO":"[\\uA74E]","OU":"[\\u0222]","P":"[\\u0050\\u24C5\\uFF30\\u1E54\\u1E56\\u01A4\\u2C63\\uA750\\uA752\\uA754]","Q":"[\\u0051\\u24C6\\uFF31\\uA756\\uA758\\u024A]","R":"[\\u0052\\u24C7\\uFF32\\u0154\\u1E58\\u0158\\u0210\\u0212\\u1E5A\\u1E5C\\u0156\\u1E5E\\u024C\\u2C64\\uA75A\\uA7A6\\uA782]","S":"[\\u0053\\u24C8\\uFF33\\u1E9E\\u015A\\u1E64\\u015C\\u1E60\\u0160\\u1E66\\u1E62\\u1E68\\u0218\\u015E\\u2C7E\\uA7A8\\uA784]","T":"[\\u0054\\u24C9\\uFF34\\u1E6A\\u0164\\u1E6C\\u021A\\u0162\\u1E70\\u1E6E\\u0166\\u01AC\\u01AE\\u023E\\uA786]","TZ":"[\\uA728]","U":"[\\u0055\\u24CA\\uFF35\\u00D9\\u00DA\\u00DB\\u0168\\u1E78\\u016A\\u1E7A\\u016C\\u00DC\\u01DB\\u01D7\\u01D5\\u01D9\\u1EE6\\u016E\\u0170\\u01D3\\u0214\\u0216\\u01AF\\u1EEA\\u1EE8\\u1EEE\\u1EEC\\u1EF0\\u1EE4\\u1E72\\u0172\\u1E76\\u1E74\\u0244]","V":"[\\u0056\\u24CB\\uFF36\\u1E7C\\u1E7E\\u01B2\\uA75E\\u0245]","VY":"[\\uA760]","W":"[\\u0057\\u24CC\\uFF37\\u1E80\\u1E82\\u0174\\u1E86\\u1E84\\u1E88\\u2C72]","X":"[\\u0058\\u24CD\\uFF38\\u1E8A\\u1E8C]","Y":"[\\u0059\\u24CE\\uFF39\\u1EF2\\u00DD\\u0176\\u1EF8\\u0232\\u1E8E\\u0178\\u1EF6\\u1EF4\\u01B3\\u024E\\u1EFE]","Z":"[\\u005A\\u24CF\\uFF3A\\u0179\\u1E90\\u017B\\u017D\\u1E92\\u1E94\\u01B5\\u0224\\u2C7F\\u2C6B\\uA762]","a":"[\\u0061\\u24D0\\uFF41\\u1E9A\\u00E0\\u00E1\\u00E2\\u1EA7\\u1EA5\\u1EAB\\u1EA9\\u00E3\\u0101\\u0103\\u1EB1\\u1EAF\\u1EB5\\u1EB3\\u0227\\u01E1\\u00E4\\u01DF\\u1EA3\\u00E5\\u01FB\\u01CE\\u0201\\u0203\\u1EA1\\u1EAD\\u1EB7\\u1E01\\u0105\\u2C65\\u0250]","aa":"[\\uA733]","ae":"[\\u00E6\\u01FD\\u01E3]","ao":"[\\uA735]","au":"[\\uA737]","av":"[\\uA739\\uA73B]","ay":"[\\uA73D]","b":"[\\u0062\\u24D1\\uFF42\\u1E03\\u1E05\\u1E07\\u0180\\u0183\\u0253]","c":"[\\u0063\\u24D2\\uFF43\\u0107\\u0109\\u010B\\u010D\\u00E7\\u1E09\\u0188\\u023C\\uA73F\\u2184]","d":"[\\u0064\\u24D3\\uFF44\\u1E0B\\u010F\\u1E0D\\u1E11\\u1E13\\u1E0F\\u0111\\u018C\\u0256\\u0257\\uA77A]","dz":"[\\u01F3\\u01C6]","e":"[\\u0065\\u24D4\\uFF45\\u00E8\\u00E9\\u00EA\\u1EC1\\u1EBF\\u1EC5\\u1EC3\\u1EBD\\u0113\\u1E15\\u1E17\\u0115\\u0117\\u00EB\\u1EBB\\u011B\\u0205\\u0207\\u1EB9\\u1EC7\\u0229\\u1E1D\\u0119\\u1E19\\u1E1B\\u0247\\u025B\\u01DD]","f":"[\\u0066\\u24D5\\uFF46\\u1E1F\\u0192\\uA77C]","g":"[\\u0067\\u24D6\\uFF47\\u01F5\\u011D\\u1E21\\u011F\\u0121\\u01E7\\u0123\\u01E5\\u0260\\uA7A1\\u1D79\\uA77F]","h":"[\\u0068\\u24D7\\uFF48\\u0125\\u1E23\\u1E27\\u021F\\u1E25\\u1E29\\u1E2B\\u1E96\\u0127\\u2C68\\u2C76\\u0265]","hv":"[\\u0195]","i":"[\\u0069\\u24D8\\uFF49\\u00EC\\u00ED\\u00EE\\u0129\\u012B\\u012D\\u00EF\\u1E2F\\u1EC9\\u01D0\\u0209\\u020B\\u1ECB\\u012F\\u1E2D\\u0268\\u0131]","j":"[\\u006A\\u24D9\\uFF4A\\u0135\\u01F0\\u0249]","k":"[\\u006B\\u24DA\\uFF4B\\u1E31\\u01E9\\u1E33\\u0137\\u1E35\\u0199\\u2C6A\\uA741\\uA743\\uA745\\uA7A3]","l":"[\\u006C\\u24DB\\uFF4C\\u0140\\u013A\\u013E\\u1E37\\u1E39\\u013C\\u1E3D\\u1E3B\\u017F\\u0142\\u019A\\u026B\\u2C61\\uA749\\uA781\\uA747]","lj":"[\\u01C9]","m":"[\\u006D\\u24DC\\uFF4D\\u1E3F\\u1E41\\u1E43\\u0271\\u026F]","n":"[\\u006E\\u24DD\\uFF4E\\u01F9\\u0144\\u00F1\\u1E45\\u0148\\u1E47\\u0146\\u1E4B\\u1E49\\u019E\\u0272\\u0149\\uA791\\uA7A5]","nj":"[\\u01CC]","o":"[\\u006F\\u24DE\\uFF4F\\u00F2\\u00F3\\u00F4\\u1ED3\\u1ED1\\u1ED7\\u1ED5\\u00F5\\u1E4D\\u022D\\u1E4F\\u014D\\u1E51\\u1E53\\u014F\\u022F\\u0231\\u00F6\\u022B\\u1ECF\\u0151\\u01D2\\u020D\\u020F\\u01A1\\u1EDD\\u1EDB\\u1EE1\\u1EDF\\u1EE3\\u1ECD\\u1ED9\\u01EB\\u01ED\\u00F8\\u01FF\\u0254\\uA74B\\uA74D\\u0275]","oi":"[\\u01A3]","ou":"[\\u0223]","oo":"[\\uA74F]","p":"[\\u0070\\u24DF\\uFF50\\u1E55\\u1E57\\u01A5\\u1D7D\\uA751\\uA753\\uA755]","q":"[\\u0071\\u24E0\\uFF51\\u024B\\uA757\\uA759]","r":"[\\u0072\\u24E1\\uFF52\\u0155\\u1E59\\u0159\\u0211\\u0213\\u1E5B\\u1E5D\\u0157\\u1E5F\\u024D\\u027D\\uA75B\\uA7A7\\uA783]","s":"[\\u0073\\u24E2\\uFF53\\u015B\\u1E65\\u015D\\u1E61\\u0161\\u1E67\\u1E63\\u1E69\\u0219\\u015F\\u023F\\uA7A9\\uA785\\u1E9B]","ss":"[\\u00DF]","t":"[\\u0074\\u24E3\\uFF54\\u1E6B\\u1E97\\u0165\\u1E6D\\u021B\\u0163\\u1E71\\u1E6F\\u0167\\u01AD\\u0288\\u2C66\\uA787]","tz":"[\\uA729]","u":"[\\u0075\\u24E4\\uFF55\\u00F9\\u00FA\\u00FB\\u0169\\u1E79\\u016B\\u1E7B\\u016D\\u00FC\\u01DC\\u01D8\\u01D6\\u01DA\\u1EE7\\u016F\\u0171\\u01D4\\u0215\\u0217\\u01B0\\u1EEB\\u1EE9\\u1EEF\\u1EED\\u1EF1\\u1EE5\\u1E73\\u0173\\u1E77\\u1E75\\u0289]","v":"[\\u0076\\u24E5\\uFF56\\u1E7D\\u1E7F\\u028B\\uA75F\\u028C]","vy":"[\\uA761]","w":"[\\u0077\\u24E6\\uFF57\\u1E81\\u1E83\\u0175\\u1E87\\u1E85\\u1E98\\u1E89\\u2C73]","x":"[\\u0078\\u24E7\\uFF58\\u1E8B\\u1E8D]","y":"[\\u0079\\u24E8\\uFF59\\u1EF3\\u00FD\\u0177\\u1EF9\\u0233\\u1E8F\\u00FF\\u1EF7\\u1E99\\u1EF5\\u01B4\\u024F\\u1EFF]","z":"[\\u007A\\u24E9\\uFF5A\\u017A\\u1E91\\u017C\\u017E\\u1E93\\u1E95\\u01B6\\u0225\\u0240\\u2C6C\\uA763]"},"researchesTests":["contentHasTOC","contentHasShortParagraphs","contentHasAssets","keywordInTitle","keywordInMetaDescription","keywordInPermalink","keywordIn10Percent","keywordInContent","keywordInSubheadings","keywordInImageAlt","keywordDensity","keywordNotUsed","lengthContent","lengthPermalink","linksHasInternal","linksHasExternals","linksNotAllExternals","titleStartWithKeyword","titleSentiment","titleHasPowerWords","titleHasNumber","hasContentAI"],"hasRedirection":true,"hasBreadcrumb":false},"homeUrl":"https:\/\/debesyla.lt\/lv","objectID":10433,"objectType":"post","locale":"lv","localeFull":"lv","overlayImages":{"play":{"name":"Play icon","url":"https:\/\/debesyla.lt\/wp-content\/plugins\/seo-by-rank-math\/assets\/admin\/img\/icon-play.png","path":"\/home\/u911523350\/domains\/debesyla.lt\/public_html\/wp-content\/plugins\/seo-by-rank-math\/assets\/admin\/img\/icon-play.png","position":"middle_center"},"gif":{"name":"GIF icon","url":"https:\/\/debesyla.lt\/wp-content\/plugins\/seo-by-rank-math\/assets\/admin\/img\/icon-gif.png","path":"\/home\/u911523350\/domains\/debesyla.lt\/public_html\/wp-content\/plugins\/seo-by-rank-math\/assets\/admin\/img\/icon-gif.png","position":"middle_center"}},"defautOgImage":"https:\/\/debesyla.lt\/wp-content\/uploads\/2019\/08\/cropped-debesylos-uzrasai.jpg","customPermalinks":true,"isUserRegistered":false,"autoSuggestKeywords":false,"connectSiteUrl":"https:\/\/rankmath.com\/auth?site=https%3A%2F%2Fdebesyla.lt%2Flv&r=https%3A%2F%2Fdebesyla.lt%2Flv%2Fwp-json%2Fwp%2Fv2%2Fpages%2F10433%3Fnonce%3D7e0825b98b","maxTags":5,"trendsIcon":"<svg viewBox=\"0 0 610 610\"><path d=\"M18.85,446,174.32,290.48l58.08,58.08L76.93,504a14.54,14.54,0,0,1-20.55,0L18.83,466.48a14.54,14.54,0,0,1,0-20.55Z\" style=\"fill:#4285f4\"\/><path d=\"M242.65,242.66,377.59,377.6l-47.75,47.75a14.54,14.54,0,0,1-20.55,0L174.37,290.43l47.75-47.75A14.52,14.52,0,0,1,242.65,242.66Z\" style=\"fill:#ea4335\"\/><polygon points=\"319.53 319.53 479.26 159.8 537.34 217.88 377.61 377.62 319.53 319.53\" style=\"fill:#fabb05\"\/><path d=\"M594.26,262.73V118.61h0a16.94,16.94,0,0,0-16.94-16.94H433.2a16.94,16.94,0,0,0-12,28.92L565.34,274.71h0a16.94,16.94,0,0,0,28.92-12Z\" style=\"fill:#34a853\"\/><rect width=\"610\" height=\"610\" style=\"fill:none\"\/><\/svg>","showScore":true,"siteFavIcon":"https:\/\/debesyla.lt\/wp-content\/uploads\/2019\/09\/cropped-galva-rozine-2-32x32.png","canUser":{"general":false,"advanced":false,"snippet":false,"social":false,"analysis":false,"analytics":false,"content_ai":false},"showKeywordIntent":true,"isPro":false,"is_front_page":false,"trendsUpgradeLink":"https:\/\/rankmath.com\/pricing\/?utm_source=Plugin&utm_medium=CE%20General%20Tab%20Trends&utm_campaign=WP","trendsUpgradeLabel":"Upgrade","trendsPreviewImage":"https:\/\/debesyla.lt\/wp-content\/plugins\/seo-by-rank-math\/assets\/admin\/img\/trends-preview.jpg","currentEditor":false,"homepageData":{"assessor":{"powerWords":[],"diacritics":true,"researchesTests":["contentHasTOC","contentHasShortParagraphs","contentHasAssets","keywordInTitle","keywordInMetaDescription","keywordInPermalink","keywordIn10Percent","keywordInContent","keywordInSubheadings","keywordInImageAlt","keywordDensity","keywordNotUsed","lengthContent","lengthPermalink","linksHasInternal","linksHasExternals","linksNotAllExternals","titleStartWithKeyword","titleSentiment","titleHasPowerWords","titleHasNumber","hasContentAI"],"hasBreadcrumb":false,"serpData":{"title":"%sitename% %page% %sep% %sitedesc%","description":"","titleTemplate":"%sitename% %page% %sep% %sitedesc%","descriptionTemplate":"","focusKeywords":"","breadcrumbTitle":"Home","robots":{"index":true},"advancedRobots":{"max-snippet":"-1","max-video-preview":"-1","max-image-preview":"large"},"facebookTitle":"","facebookDescription":"","facebookImage":"","facebookImageID":""}}},"tocTitle":"Table of Contents","tocExcludeHeadings":[],"listStyle":"ul"},"_links":{"self":[{"href":"https:\/\/debesyla.lt\/lv\/wp-json\/wp\/v2\/pages\/10433","targetHints":{"allow":["GET"]}}],"collection":[{"href":"https:\/\/debesyla.lt\/lv\/wp-json\/wp\/v2\/pages"}],"about":[{"href":"https:\/\/debesyla.lt\/lv\/wp-json\/wp\/v2\/types\/page"}],"author":[{"embeddable":true,"href":"https:\/\/debesyla.lt\/lv\/wp-json\/wp\/v2\/users\/1"}],"replies":[{"embeddable":true,"href":"https:\/\/debesyla.lt\/lv\/wp-json\/wp\/v2\/comments?post=10433"}],"version-history":[{"count":0,"href":"https:\/\/debesyla.lt\/lv\/wp-json\/wp\/v2\/pages\/10433\/revisions"}],"up":[{"embeddable":true,"href":"https:\/\/debesyla.lt\/lv\/wp-json\/wp\/v2\/pages\/10371"}],"wp:attachment":[{"href":"https:\/\/debesyla.lt\/lv\/wp-json\/wp\/v2\/media?parent=10433"}],"curies":[{"name":"wp","href":"https:\/\/api.w.org\/{rel}","templated":true}]}}