{"id":4330,"date":"2014-08-22T09:18:09","date_gmt":"2014-08-22T06:18:09","guid":{"rendered":"https:\/\/debesyla.lt\/?page_id=4330"},"modified":"2021-02-19T20:29:22","modified_gmt":"2021-02-19T18:29:22","slug":"aciu","status":"publish","type":"page","link":"https:\/\/debesyla.lt\/en\/about\/thank-you\/","title":{"rendered":"\ud83e\udd1f People without whom there wouldn&#039;t be..."},"content":{"rendered":"<p><strong>...This blog and most of my work. <\/strong>Under the thunder - thank you all!<\/p>\n<p><span style=\"width: 100%;\"><img decoding=\"async\" alt=\"\" width=\"150\" height=\"150\" title=\"jurgita-redness\" data-id=\"16407\" src=\"https:\/\/debesyla.lt\/wp-content\/uploads\/2019\/10\/jurgita-raudonyte.jpg\" style=\"\" data-width=\"150\" data-height=\"150\" data-init-width=\"300\" data-init-height=\"300\" loading=\"lazy\"><\/span><\/p>\n<h2 style=\"\">Jurgita Raudonyta<\/h2>\n<p>Who came up with the name for this blog and was my first editor.<\/p>\n<p><span style=\"width: 100%;\"><img decoding=\"async\" alt=\"\" width=\"150\" height=\"150\" title=\"\" data-id=\"16403\" src=\"https:\/\/debesyla.lt\/wp-content\/uploads\/2019\/10\/agne-giniotyte.jpg\" style=\"\" data-width=\"150\" data-height=\"150\" data-init-width=\"225\" data-init-height=\"225\" loading=\"lazy\"><\/span><\/p>\n<h2 style=\"\">Agne Giniotyte<\/h2>\n<p>Who edited probably 99% of all the texts I wrote and edited them damn fantastic!<\/p>\n<p><span style=\"width: 100%;\"><img decoding=\"async\" alt=\"\" width=\"150\" height=\"150\" title=\"\" data-id=\"16408\" src=\"https:\/\/debesyla.lt\/wp-content\/uploads\/2019\/10\/linas-matulis.jpg\" style=\"\" data-width=\"150\" data-height=\"150\" data-init-width=\"600\" data-init-height=\"600\"><\/span><\/p>\n<h2 style=\"\">Linus Matulis<\/h2>\n<p>Whose blog Supergentis.lt in 2012 encouraged me to take on my own challenges and start my own blog.<\/p>\n<p><span style=\"width: 100%;\"><img decoding=\"async\" alt=\"\" width=\"600\" height=\"599\" title=\"\" data-id=\"16412\" src=\"https:\/\/debesyla.lt\/wp-content\/uploads\/2019\/10\/valtininkas.jpg\" style=\"\"><\/span><\/p>\n<h2 style=\"\">For a boatman<\/h2>\n<p>With whom I started the first joint (not just my own!) projects, articles and trainings. He also blogs: <a href=\"http:\/\/valtininkas.lt\/\" target=\"_blank\" rel=\"nofollow noopener\" style=\"outline: none;\">Valtininkas.lt<\/a>!<\/p>\n<p><span style=\"width: 100%;\"><img decoding=\"async\" alt=\"\" width=\"320\" height=\"320\" title=\"\" data-id=\"16409\" src=\"https:\/\/debesyla.lt\/wp-content\/uploads\/2019\/10\/povilas-petrauskas.jpg\" style=\"\"><\/span><\/p>\n<h2 style=\"\">Povilas Petrauskas<\/h2>\n<p>Who, without knowing it, introduced me to the basics of coaching and taught me how to better help my readers.<\/p>\n<p><span style=\"width: 100%;\"><img decoding=\"async\" alt=\"\" width=\"520\" height=\"520\" title=\"\" data-id=\"16404\" src=\"https:\/\/debesyla.lt\/wp-content\/uploads\/2019\/10\/alex-monaco.jpg\" style=\"\"><\/span><\/p>\n<h2 style=\"\">Alex Monaco<\/h2>\n<p>Who taught me to look at creativity more responsibly.<\/p>\n<p><span style=\"width: 100%;\"><img decoding=\"async\" alt=\"\" width=\"150\" height=\"150\" title=\"\" data-id=\"16406\" src=\"https:\/\/debesyla.lt\/wp-content\/uploads\/2019\/10\/inga-stasiulionyte.jpg\" style=\"\" data-width=\"150\" data-height=\"150\" data-init-width=\"356\" data-init-height=\"356\"><\/span><\/p>\n<h2 style=\"\">Inga Stasiulionyte<\/h2>\n<p>Who taught me to work hard and with whom (and Alex) I created the first training projects.<\/p>\n<p><span style=\"width: 100%;\"><img decoding=\"async\" alt=\"\" width=\"300\" height=\"300\" title=\"\" data-id=\"16413\" src=\"https:\/\/debesyla.lt\/wp-content\/uploads\/2019\/10\/vilija-kontrimaite.jpg\" style=\"\"><\/span><\/p>\n<h2 style=\"\">Vi Kontrimatei<\/h2>\n<p>Which has wiped out practically all of my photos on this blog. <a href=\"http:\/\/pasivaiksciojimai.lt\/\" target=\"_blank\" rel=\"nofollow noopener\" style=\"outline: none;\">I really like her style!<\/a><\/p>\n<p>And also...<\/p>\n<ul>\n<li><strong>Dawn for Dundulyta&nbsp;<\/strong>for the layout of the first edition of &quot;The Lazy Manifesto&quot;, posters, a mountain of other design works;<\/li>\n<li><strong>Gediminas Kaziukai\u010dius<\/strong>, for correcting the first edition of my Manifesto, which enabled it to be published so quickly;<\/li>\n<li><strong><a href=\"https:\/\/www.behance.net\/linojajurg9bbb\" rel=\"nofollow noopener\" target=\"_blank\" style=\"outline: none;\">Jurgita \u0160pakovskaja<\/a> <\/strong>for comics translated into Lithuanian;<\/li>\n<li><strong><a href=\"https:\/\/www.facebook.com\/vilgaile.narkeviciute\" rel=\"nofollow noopener\" target=\"_blank\">Vilgaila Narkevi\u010di\u016bta<\/a> <\/strong>for creating tests in articles;<\/li>\n<li><strong>Brigitte Reklaitte <\/strong>for text editing;<\/li>\n<li><strong>Lauryna Abraityta <\/strong>for <a href=\"https:\/\/debesyla.lt\/en\/irankiai\/\">tools<\/a> illustrations;<\/li>\n<li><strong>Ernest Romeika <\/strong>for several technical tools;<\/li>\n<li><strong>For the first buyers of the Lazy Manifesto<\/strong>, whose courage helped me publish the book not only in electronic format, but also to get it to publishers;<\/li>\n<li><strong>To all the people of Debesy<\/strong>, <a href=\"https:\/\/debesyla.lt\/en\/labas\/#debesylieciai\" target=\"_blank\" rel=\"nofollow noopener\" style=\"outline: none;\">who shared their stories<\/a>&#8230;<\/li>\n<\/ul>\n<p>...And to a host of other cloud dwellers! Thank you too!!! \u2764\ufe0f<\/p>\n<div id=\"parasas\" class=\"\"><svg viewbox=\"0 0 900 189\" width=\"200\">\n        <path class=\"d-1\" d=\"M67 50L5 172\"\/>\n        <path class=\"d-2\" d=\"M19 152c7 8 30 33 59 32 41-1 76-46 80-100 2-22-6-77-42-79C61 2-1 54 46 76\"\/>\n        <path class=\"a\" d=\"M204 126.9c1.4-6-1-23.7-8.8-23.3-33.2 1-44 50-31 54 11 3 22-10 36-25 2-3 14 9 25 10\"\/>\n        <path class=\"nie\" d=\"M211 157c45-44 65-58 70-54 6 5-16 42-12 45 6 4 47-55 57-49 7 4-7 34 4 47 8 11 20 7 28 1 18-14 28-28 27-22s-5 38 46 16c21-9 22-29 13-36-3-2-16 6-16 16-1 18 14 29 37 28\"\/>\n        <path class=\"t-1\" d=\"M387 80a1 1 0 1 0 2 0 1 1 0 1 0-2 0\"\/>\n        <path class=\"liu\" d=\"M444 184C549 88 546 23 536 23c-19 0-57 74-57 122 0 4 5 13 13 16 5 3 11 2 16 1 6-1 11-6 17-10l39-32c0 6-2 8-3 14-2 7-2 10 1 14l5 4c6 3 14 1 20-1 17-7 26-19 44-29 3-1 8-4 12-2l5 6c4 11 1 16 4 22s13 10 20 8 12-9 13-14l4-13 3-5 6-4 13-5c3-1 6-3 10-8\"\/>\n        <path class=\"t-2\" d=\"M576 85a1 1 0 1 0 2 0 1 1 0 1 0-2 0\"\/>\n        <path class=\"s-1\" d=\"M720 142c8 2 27 3 35-3 6-4-18-36-22-32-3 4-6 19-30 65\"\/>\n        <path class=\"s-2\" d=\"M756 140c4-1 9-4 12-8\"\/><\/svg>\n    <\/div>\n    <noscript><img decoding=\"async\" src=\"https:\/\/debesyla.lt\/wp-content\/themes\/debesyla\/inc\/img\/fallback-parasas.png\" alt=\"Daniel\" style=\"top: -2.5em; position: relative;\"><\/noscript>","protected":false},"excerpt":{"rendered":"<p>&#8230;\u0160io tinklara\u0161\u010dio ir did\u017eiosios dalies mano k\u016brybos. Po perk\u016bnais \u2013 a\u010di\u016b jums visiems! Jurgitai Raudonytei Kuri sugalvojo pavadinim\u0105 \u0161iam tinklara\u0161\u010diui ir buvo mano pirmoji redaktor\u0117. Agnei Giniotytei Kuri patais\u0117 turb\u016bt 99% vis\u0173 mano para\u0161yt\u0173 tekst\u0173 ir patais\u0117 juos prakeiktai fantasti\u0161kai! Linui Matuliui Kurio tinklara\u0161tis Supergentis.lt 2012 metais paskatino mane imtis sav\u0173 i\u0161\u0161\u016bki\u0173 ir prad\u0117ti savo [&hellip;]<\/p>\n","protected":false},"author":1,"featured_media":7549,"parent":4820,"menu_order":0,"comment_status":"closed","ping_status":"closed","template":"","meta":{"footnotes":"","tve_updated_post":"<div class=\"thrv_wrapper thrv_text_element tve_empty_dropzone\" data-css=\"tve-u-1615da72f34\"><p><strong>...\u0160io tinklara\u0161\u010dio ir did\u017eiosios dalies mano k\u016brybos. <\/strong>Po perk\u016bnais \u2013 a\u010di\u016b jums visiems!<\/p><\/div><div class=\"thrv_wrapper thrv-columns\" data-css=\"tve-u-177bb8ba3e2\" style=\"\"><div class=\"tcb-flex-row v-2 tcb--cols--2 tcb-resized\" data-css=\"tve-u-16ddbda47b4\"><div class=\"tcb-flex-col c-33\" data-css=\"tve-u-16ddbd90af2\" style=\"\"><div class=\"tcb-col\"><div class=\"thrv_wrapper tve_image_caption img_style_circle\" data-css=\"tve-u-16ddbd61aa0\"><span class=\"tve_image_frame\" style=\"width: 100%;\"><img class=\"tve_image wp-image-16407\" alt=\"\" width=\"150\" height=\"150\" title=\"jurgita-raudonyte\" data-id=\"16407\" src=\"https:\/\/debesyla.lt\/wp-content\/uploads\/2019\/10\/jurgita-raudonyte.jpg\" style=\"\" data-width=\"150\" data-height=\"150\" data-init-width=\"300\" data-init-height=\"300\" loading=\"lazy\"><\/span><\/div><\/div><\/div><div class=\"tcb-flex-col c-66\" data-css=\"tve-u-16ddbd90af5\" style=\"\"><div class=\"tcb-col\" data-css=\"tve-u-16c05913c24\"><div class=\"thrv_wrapper thrv_text_element\" data-tag=\"h2\" data-css=\"tve-u-177bb8d865f\" style=\"\"><h2 class=\"\" style=\"\" data-css=\"tve-u-177bb8ad52d\">Jurgitai Raudonytei<\/h2><\/div><div class=\"thrv_wrapper thrv_text_element\" data-css=\"tve-u-16ddbdca8f9\"><p data-css=\"tve-u-16c05900b4e\">Kuri sugalvojo pavadinim\u0105 \u0161iam tinklara\u0161\u010diui ir buvo mano pirmoji redaktor\u0117.<\/p><\/div><\/div><\/div><\/div><\/div><div class=\"thrv_wrapper thrv-columns\" data-css=\"tve-u-177bb8be998\" style=\"\"><div class=\"tcb-flex-row v-2 tcb--cols--2 tcb-resized tcb-row-reversed-desktop\" data-css=\"tve-u-16ddbdd70ce\"><div class=\"tcb-flex-col c-33\" data-css=\"tve-u-16ddbd90af2\" style=\"\"><div class=\"tcb-col\"><div class=\"thrv_wrapper tve_image_caption img_style_circle\" data-css=\"tve-u-16ddbde5f9b\"><span class=\"tve_image_frame\" style=\"width: 100%;\"><img class=\"tve_image wp-image-16403\" alt=\"\" width=\"150\" height=\"150\" title=\"\" data-id=\"16403\" src=\"https:\/\/debesyla.lt\/wp-content\/uploads\/2019\/10\/agne-giniotyte.jpg\" style=\"\" data-width=\"150\" data-height=\"150\" data-init-width=\"225\" data-init-height=\"225\" loading=\"lazy\"><\/span><\/div><\/div><\/div><div class=\"tcb-flex-col c-66\" data-css=\"tve-u-16ddbd90af5\" style=\"\"><div class=\"tcb-col\" data-css=\"tve-u-16c05913c24\"><div class=\"thrv_wrapper thrv_text_element\" data-tag=\"h2\" data-css=\"tve-u-177bb8d998e\" style=\"\"><h2 class=\"\" style=\"\" data-css=\"tve-u-177bb8ae8b8\">Agnei Giniotytei<\/h2><\/div><div class=\"thrv_wrapper thrv_text_element\" data-css=\"tve-u-16ddbdca8f9\"><p data-css=\"tve-u-16c05900b4e\">Kuri patais\u0117 turb\u016bt 99% vis\u0173 mano para\u0161yt\u0173 tekst\u0173 ir patais\u0117 juos prakeiktai fantasti\u0161kai!<\/p><\/div><\/div><\/div><\/div><\/div><div class=\"thrv_wrapper thrv-columns\" data-css=\"tve-u-177bb8c2549\" style=\"\"><div class=\"tcb-flex-row v-2 tcb--cols--2 tcb-resized\" data-css=\"tve-u-16ddbda47b4\"><div class=\"tcb-flex-col c-33\" data-css=\"tve-u-16ddbd90af2\" style=\"\"><div class=\"tcb-col\"><div class=\"thrv_wrapper tve_image_caption img_style_circle\" data-css=\"tve-u-16ddbd61aa0\"><span class=\"tve_image_frame\" style=\"width: 100%;\"><img class=\"tve_image wp-image-16408\" alt=\"\" width=\"150\" height=\"150\" title=\"\" data-id=\"16408\" src=\"https:\/\/debesyla.lt\/wp-content\/uploads\/2019\/10\/linas-matulis.jpg\" style=\"\" data-width=\"150\" data-height=\"150\" data-init-width=\"600\" data-init-height=\"600\"><\/span><\/div><\/div><\/div><div class=\"tcb-flex-col c-66\" data-css=\"tve-u-16ddbd90af5\" style=\"\"><div class=\"tcb-col\" data-css=\"tve-u-16c05913c24\"><div class=\"thrv_wrapper thrv_text_element\" data-tag=\"h2\" data-css=\"tve-u-177bb8da814\" style=\"\"><h2 class=\"\" style=\"\" data-css=\"tve-u-177bb8af9d8\">Linui Matuliui<\/h2><\/div><div class=\"thrv_wrapper thrv_text_element\" data-css=\"tve-u-16ddbdca8f9\"><p data-css=\"tve-u-16c05900b4e\">Kurio tinklara\u0161tis Supergentis.lt 2012 metais paskatino mane imtis sav\u0173 i\u0161\u0161\u016bki\u0173 ir prad\u0117ti savo tinklara\u0161t\u012f.<\/p><\/div><\/div><\/div><\/div><\/div><div class=\"thrv_wrapper thrv-columns\" data-css=\"tve-u-177bb8c6941\" style=\"\"><div class=\"tcb-flex-row v-2 tcb--cols--2 tcb-resized tcb-row-reversed-desktop\" data-css=\"tve-u-16ddbdd70ce\"><div class=\"tcb-flex-col c-33\" data-css=\"tve-u-16ddbd90af2\" style=\"\"><div class=\"tcb-col\"><div class=\"thrv_wrapper tve_image_caption img_style_circle\" data-css=\"tve-u-16ddbde5f9b\"><span class=\"tve_image_frame\" style=\"width: 100%;\"><img class=\"tve_image wp-image-16412\" alt=\"\" width=\"600\" height=\"599\" title=\"\" data-id=\"16412\" src=\"https:\/\/debesyla.lt\/wp-content\/uploads\/2019\/10\/valtininkas.jpg\" style=\"\"><\/span><\/div><\/div><\/div><div class=\"tcb-flex-col c-66\" data-css=\"tve-u-16ddbd90af5\" style=\"\"><div class=\"tcb-col\" data-css=\"tve-u-16c05913c24\"><div class=\"thrv_wrapper thrv_text_element\" data-tag=\"h2\" data-css=\"tve-u-177bb8db721\" style=\"\"><h2 class=\"\" style=\"\" data-css=\"tve-u-177bb8b0e9a\">Valtininkui<\/h2><\/div><div class=\"thrv_wrapper thrv_text_element tve-froala fr-box\" data-css=\"tve-u-16ddbdca8f9\"><p data-css=\"tve-u-16c05900b4e\">Su kuriuo prad\u0117jau pirmus bendrus (ne tik mano vieno!) projektus, straipsnius bei mokymus. Jis irgi ra\u0161o tinklara\u0161t\u012f: <a href=\"http:\/\/valtininkas.lt\/\" target=\"_blank\" rel=\"nofollow\" class=\"tve-froala\" style=\"outline: none;\">Valtininkas.lt<\/a>!<\/p><\/div><\/div><\/div><\/div><\/div><div class=\"thrv_wrapper thrv-columns\" data-css=\"tve-u-177bb8c9109\" style=\"\"><div class=\"tcb-flex-row v-2 tcb--cols--2 tcb-resized\" data-css=\"tve-u-16ddbda47b4\"><div class=\"tcb-flex-col c-33\" data-css=\"tve-u-16ddbd90af2\" style=\"\"><div class=\"tcb-col\"><div class=\"thrv_wrapper tve_image_caption img_style_circle\" data-css=\"tve-u-16ddbd61aa0\"><span class=\"tve_image_frame\" style=\"width: 100%;\"><img class=\"tve_image wp-image-16409\" alt=\"\" width=\"320\" height=\"320\" title=\"\" data-id=\"16409\" src=\"https:\/\/debesyla.lt\/wp-content\/uploads\/2019\/10\/povilas-petrauskas.jpg\" style=\"\"><\/span><\/div><\/div><\/div><div class=\"tcb-flex-col c-66\" data-css=\"tve-u-16ddbd90af5\" style=\"\"><div class=\"tcb-col\" data-css=\"tve-u-16c05913c24\"><div class=\"thrv_wrapper thrv_text_element\" data-tag=\"h2\" data-css=\"tve-u-177bb8dc580\" style=\"\"><h2 class=\"\" style=\"\" data-css=\"tve-u-177bb8b25f6\">Povilui Petrauskui<\/h2><\/div><div class=\"thrv_wrapper thrv_text_element\" data-css=\"tve-u-16ddbdca8f9\"><p data-css=\"tve-u-16c05900b4e\">Kuris, pats to ne\u017einodamas, man pristat\u0117 kou\u010dingo pagrindus bei i\u0161mok\u0117 geriau pad\u0117ti savo skaitytojams.<\/p><\/div><\/div><\/div><\/div><\/div><div class=\"thrv_wrapper thrv-columns\" data-css=\"tve-u-177bb8cb6cd\" style=\"\"><div class=\"tcb-flex-row v-2 tcb--cols--2 tcb-resized tcb-row-reversed-desktop\" data-css=\"tve-u-16ddbdd70ce\"><div class=\"tcb-flex-col c-33\" data-css=\"tve-u-16ddbd90af2\" style=\"\"><div class=\"tcb-col\"><div class=\"thrv_wrapper tve_image_caption img_style_circle\" data-css=\"tve-u-16ddbde5f9b\"><span class=\"tve_image_frame\" style=\"width: 100%;\"><img class=\"tve_image wp-image-16404\" alt=\"\" width=\"520\" height=\"520\" title=\"\" data-id=\"16404\" src=\"https:\/\/debesyla.lt\/wp-content\/uploads\/2019\/10\/alex-monaco.jpg\" style=\"\"><\/span><\/div><\/div><\/div><div class=\"tcb-flex-col c-66\" data-css=\"tve-u-16ddbd90af5\" style=\"\"><div class=\"tcb-col\" data-css=\"tve-u-16c05913c24\"><div class=\"thrv_wrapper thrv_text_element\" data-tag=\"h2\" data-css=\"tve-u-177bb8dd457\" style=\"\"><h2 class=\"\" style=\"\" data-css=\"tve-u-177bb8b3b01\">Alex Monaco<\/h2><\/div><div class=\"thrv_wrapper thrv_text_element\" data-css=\"tve-u-16ddbdca8f9\"><p data-css=\"tve-u-16c05900b4e\">Kuris i\u0161mok\u0117 \u012f k\u016bryb\u0105 \u017ei\u016br\u0117ti atsakingiau.<\/p><\/div><\/div><\/div><\/div><\/div><div class=\"thrv_wrapper thrv-columns\" data-css=\"tve-u-16ddbddbbdc\" style=\"\"><div class=\"tcb-flex-row v-2 tcb--cols--2 tcb-resized\" data-css=\"tve-u-16ddbda47b4\"><div class=\"tcb-flex-col c-33\" data-css=\"tve-u-16ddbd90af2\" style=\"\"><div class=\"tcb-col\"><div class=\"thrv_wrapper tve_image_caption img_style_circle\" data-css=\"tve-u-16ddbd61aa0\"><span class=\"tve_image_frame\" style=\"width: 100%;\"><img class=\"tve_image wp-image-16406\" alt=\"\" width=\"150\" height=\"150\" title=\"\" data-id=\"16406\" src=\"https:\/\/debesyla.lt\/wp-content\/uploads\/2019\/10\/inga-stasiulionyte.jpg\" style=\"\" data-width=\"150\" data-height=\"150\" data-init-width=\"356\" data-init-height=\"356\"><\/span><\/div><\/div><\/div><div class=\"tcb-flex-col c-66\" data-css=\"tve-u-16ddbd90af5\" style=\"\"><div class=\"tcb-col\" data-css=\"tve-u-16c05913c24\"><div class=\"thrv_wrapper thrv_text_element\" data-tag=\"h2\" data-css=\"tve-u-177bb8de023\" style=\"\"><h2 class=\"\" style=\"\" data-css=\"tve-u-177bb8b4ee8\">Ingai Stasiulionytei<\/h2><\/div><div class=\"thrv_wrapper thrv_text_element\" data-css=\"tve-u-16ddbdca8f9\"><p data-css=\"tve-u-16c05900b4e\">Kuri i\u0161mok\u0117 dirbti u\u017esispyrus ir su kuria (bei Alex) suk\u016briau pirmuosius mokym\u0173 projektus.<\/p><\/div><\/div><\/div><\/div><\/div><div class=\"thrv_wrapper thrv-columns\" data-css=\"tve-u-16ddbdda5cb\" style=\"\"><div class=\"tcb-flex-row v-2 tcb--cols--2 tcb-resized tcb-row-reversed-desktop\" data-css=\"tve-u-16ddbdd70ce\"><div class=\"tcb-flex-col c-33\" data-css=\"tve-u-16ddbd90af2\" style=\"\"><div class=\"tcb-col\"><div class=\"thrv_wrapper tve_image_caption img_style_circle\" data-css=\"tve-u-16ddbde5f9b\"><span class=\"tve_image_frame\" style=\"width: 100%;\"><img class=\"tve_image wp-image-16413\" alt=\"\" width=\"300\" height=\"300\" title=\"\" data-id=\"16413\" src=\"https:\/\/debesyla.lt\/wp-content\/uploads\/2019\/10\/vilija-kontrimaite.jpg\" style=\"\"><\/span><\/div><\/div><\/div><div class=\"tcb-flex-col c-66\" data-css=\"tve-u-16ddbd90af5\" style=\"\"><div class=\"tcb-col\" data-css=\"tve-u-16c05913c24\"><div class=\"thrv_wrapper thrv_text_element\" data-tag=\"h2\" data-css=\"tve-u-177bb8dedbd\" style=\"\"><h2 class=\"\" style=\"\" data-css=\"tve-u-177bb8b61ef\">Vi Kontrimaitei<\/h2><\/div><div class=\"thrv_wrapper thrv_text_element tve-froala fr-box\" data-css=\"tve-u-16ddbdca8f9\"><p data-css=\"tve-u-16c05900b4e\">Kuri nupy\u0161kino prakti\u0161kai visas mano nuotraukas \u0161iame tinklara\u0161tyje. <a href=\"http:\/\/pasivaiksciojimai.lt\/\" target=\"_blank\" rel=\"nofollow\" class=\"tve-froala\" style=\"outline: none;\">Jos stilius man labai patinka!<\/a><\/p><\/div><\/div><\/div><\/div><\/div><div class=\"thrv_wrapper thrv_text_element tve_empty_dropzone\" data-css=\"tve-u-16c05acf727\"><p data-css=\"tve-u-16c05ad7b5a\">O taip pat...<\/p><\/div><div class=\"thrv_wrapper thrv_text_element tve_empty_dropzone tve-froala fr-box fr-basic\"><ul class=\"\"><li><strong>Au\u0161rai Dundulytei&nbsp;<\/strong>u\u017e pirmojo \u201eTinginio manifesto\u201c leidimo maket\u0105, plakatus, kaln\u0105 kit\u0173 dizaino k\u016brini\u0173;<\/li><li><strong>Gediminui Kaziukai\u010diui<\/strong>, u\u017e mano Manifesto pirmojo leidimo taisym\u0105, kas pad\u0117jo j\u012f i\u0161leisti taip greitai;<\/li><li><strong><a href=\"https:\/\/www.behance.net\/linojajurg9bbb\" rel=\"nofollow\" target=\"_blank\" class=\"tve-froala\" style=\"outline: none;\">Jurgitai \u0160pakovskajai<\/a> <\/strong>u\u017e lietuvi\u0161kai i\u0161verstus komiksus;<\/li><li><strong><a href=\"https:\/\/www.facebook.com\/vilgaile.narkeviciute\" rel=\"nofollow\" target=\"_blank\">Vilgailei Narkevi\u010di\u016btei<\/a> <\/strong>u\u017e test\u0173 straipsniuose k\u016brim\u0105;<\/li><li><strong>Brigitai Reklaitytei <\/strong>u\u017e tekst\u0173 redagavim\u0105;<\/li><li><strong>Laurynai Abraitytei <\/strong>u\u017e <a href=\"https:\/\/debesyla.lt\/irankiai\/\">\u012franki\u0173<\/a> iliustracijas;<\/li><li><strong>Ernestui Romeikai <\/strong>u\u017e kelis techninius \u012frankius;<\/li><li><strong>Pirmiesiems \u201eTinginio manifesto\u201c pirk\u0117jams<\/strong>, kuri\u0173 dr\u0105sa pad\u0117jo man i\u0161leisti knyg\u0105 ne tik elektroniniu formatu, bet ir patekti su ja \u012f leidyklas;<\/li><li><strong>Visiems debesylie\u010diams<\/strong>, <a href=\"https:\/\/debesyla.lt\/labas\/#debesylieciai\" target=\"_blank\" rel=\"nofollow\" class=\"tve-froala\" style=\"outline: none;\">pasidalinusiems savo istorijomis<\/a>...<\/li><\/ul><\/div><div class=\"thrv_wrapper thrv_text_element tve_empty_dropzone\" data-css=\"tve-u-1615dba46b2\"><p data-css=\"tve-u-16c05ad573c\">...Ir aibei kit\u0173 debesylie\u010di\u0173! A\u010di\u016b ir tau!!! \u2764\ufe0f<\/p><p data-css=\"tve-u-16c05ad573c\">[parasas]<\/p><\/div>","tve_custom_css":"@media (min-width: 300px){[data-css=\"tve-u-1615da72f34\"] { margin-top: 0px !important; margin-bottom: 13px !important; }[data-css=\"tve-u-1615dba46b2\"] { margin-top: 0px !important; }:not(#tve) [data-css=\"tve-u-16c05900b4e\"] { font-size: 18px !important; }[data-css=\"tve-u-16c05913c24\"] { padding-left: 10px !important; }[data-css=\"tve-u-16c05acf727\"] { margin-top: 35px !important; }:not(#tve) [data-css=\"tve-u-16c05ad573c\"] { font-size: 18px !important; }:not(#tve) [data-css=\"tve-u-16c05ad7b5a\"] { font-size: 18px !important; }[data-css=\"tve-u-16ddbd61aa0\"] { width: 100%; border-top-right-radius: 0px; overflow: hidden; margin-bottom: 0px !important; margin-top: -13px !important; }[data-css=\"tve-u-16ddbd90af2\"] { max-width: 25.1%; }[data-css=\"tve-u-16ddbd90af5\"] { max-width: 75%; }[data-css=\"tve-u-16ddbda47b4\"] { margin-left: -15px; padding-top: 0px !important; padding-bottom: 0px !important; }[data-css=\"tve-u-16ddbda47b4\"] > .tcb-flex-col { padding-left: 15px; }[data-css=\"tve-u-16ddbda47b4\"] > .tcb-flex-col > .tcb-col { justify-content: center; }[data-css=\"tve-u-16ddbdca8f9\"] { margin-bottom: 0px !important; }[data-css=\"tve-u-16ddbdd70ce\"] { margin-left: -15px; padding-top: 0px !important; padding-bottom: 0px !important; flex-direction: row-reverse !important; }[data-css=\"tve-u-16ddbdd70ce\"] > .tcb-flex-col { padding-left: 15px; }[data-css=\"tve-u-16ddbdd70ce\"] > .tcb-flex-col > .tcb-col { justify-content: center; }[data-css=\"tve-u-16ddbdda5cb\"] { margin-top: 0px !important; margin-bottom: 0em !important; }[data-css=\"tve-u-16ddbddbbdc\"] { margin-top: 0px !important; margin-bottom: 2.5em !important; }[data-css=\"tve-u-16ddbde5f9b\"] { width: 100%; border-top-right-radius: 0px; overflow: hidden; margin-bottom: 0px !important; margin-top: -13px !important; }:not(#tve) [data-css=\"tve-u-177bb8ad52d\"] { padding-top: 0px !important; margin-top: 0px !important; }:not(#tve) [data-css=\"tve-u-177bb8ae8b8\"] { padding-top: 0px !important; margin-top: 0px !important; }:not(#tve) [data-css=\"tve-u-177bb8af9d8\"] { padding-top: 0px !important; margin-top: 0px !important; }:not(#tve) [data-css=\"tve-u-177bb8b0e9a\"] { padding-top: 0px !important; margin-top: 0px !important; }:not(#tve) [data-css=\"tve-u-177bb8b25f6\"] { padding-top: 0px !important; margin-top: 0px !important; }:not(#tve) [data-css=\"tve-u-177bb8b3b01\"] { padding-top: 0px !important; margin-top: 0px !important; }:not(#tve) [data-css=\"tve-u-177bb8b4ee8\"] { padding-top: 0px !important; margin-top: 0px !important; }:not(#tve) [data-css=\"tve-u-177bb8b61ef\"] { padding-top: 0px !important; margin-top: 0px !important; }[data-css=\"tve-u-177bb8ba3e2\"] { margin: 0px 0px 2.5em !important; }[data-css=\"tve-u-177bb8be998\"] { margin-top: 0em !important; margin-bottom: 2.5em !important; }[data-css=\"tve-u-177bb8c2549\"] { margin-top: 0px !important; margin-bottom: 2.5em !important; }[data-css=\"tve-u-177bb8c6941\"] { margin-top: 0px !important; margin-bottom: 2.5em !important; }[data-css=\"tve-u-177bb8c9109\"] { margin-top: 0px !important; margin-bottom: 2.5em !important; }[data-css=\"tve-u-177bb8cb6cd\"] { margin-top: 0px !important; margin-bottom: 2.5em !important; }}@media (max-width: 767px){[data-css=\"tve-u-16c05913c24\"] { padding-left: 0px !important; }[data-css=\"tve-u-1615da72f34\"] { margin-bottom: 25px !important; }[data-css=\"tve-u-16ddbd61aa0\"] { width: 50%; }[data-css=\"tve-u-16ddbde5f9b\"] { width: 50%; }[data-css=\"tve-u-16c05acf727\"] { margin-top: 0px !important; }[data-css=\"tve-u-177bb8d865f\"] { margin-top: 12px !important; }[data-css=\"tve-u-177bb8d998e\"] { margin-top: 12px !important; }[data-css=\"tve-u-177bb8da814\"] { margin-top: 12px !important; }[data-css=\"tve-u-177bb8db721\"] { margin-top: 12px !important; }[data-css=\"tve-u-177bb8dc580\"] { margin-top: 12px !important; }[data-css=\"tve-u-177bb8dd457\"] { margin-top: 12px !important; }[data-css=\"tve-u-177bb8de023\"] { margin-top: 12px !important; }[data-css=\"tve-u-177bb8dedbd\"] { margin-top: 12px !important; }}","tve_user_custom_css":"h2 {\n\tmargin-top: 1em;\n\tmargin-bottom: 0;\n}","tve_globals":{"e":"1","font_cls":[]},"tcb2_ready":1,"tcb_editor_enabled":1,"tve_landing_page":"","_tve_header":"0","_tve_footer":"0"},"class_list":["post-4330","page","type-page","status-publish","has-post-thumbnail"],"_links":{"self":[{"href":"https:\/\/debesyla.lt\/en\/wp-json\/wp\/v2\/pages\/4330","targetHints":{"allow":["GET"]}}],"collection":[{"href":"https:\/\/debesyla.lt\/en\/wp-json\/wp\/v2\/pages"}],"about":[{"href":"https:\/\/debesyla.lt\/en\/wp-json\/wp\/v2\/types\/page"}],"author":[{"embeddable":true,"href":"https:\/\/debesyla.lt\/en\/wp-json\/wp\/v2\/users\/1"}],"replies":[{"embeddable":true,"href":"https:\/\/debesyla.lt\/en\/wp-json\/wp\/v2\/comments?post=4330"}],"version-history":[{"count":0,"href":"https:\/\/debesyla.lt\/en\/wp-json\/wp\/v2\/pages\/4330\/revisions"}],"up":[{"embeddable":true,"href":"https:\/\/debesyla.lt\/en\/wp-json\/wp\/v2\/pages\/4820"}],"wp:featuredmedia":[{"embeddable":true,"href":"https:\/\/debesyla.lt\/en\/wp-json\/"}],"wp:attachment":[{"href":"https:\/\/debesyla.lt\/en\/wp-json\/wp\/v2\/media?parent=4330"}],"curies":[{"name":"wp","href":"https:\/\/api.w.org\/{rel}","templated":true}]}}