{"id":14513,"date":"2019-03-31T17:57:07","date_gmt":"2019-03-31T14:57:07","guid":{"rendered":"https:\/\/debesyla.lt\/?page_id=14513"},"modified":"2019-09-04T19:48:33","modified_gmt":"2019-09-04T16:48:33","slug":"ha","status":"publish","type":"page","link":"https:\/\/debesyla.lt\/en\/new-book\/ha\/","title":{"rendered":"Ha! :D But seriously..."},"content":{"rendered":"<h1 style=\"text-align: center;\"><strong>Ha! \ud83d\ude00<\/strong><\/h1>\n<h1 style=\"text-align: center;\"><strong><span style=\"color: rgb(64, 64, 64);\">Happy 1 April! \ud83d\ude09<\/span><\/strong><\/h1>\n<h1 style=\"text-align: center;\"><strong><span style=\"color: rgb(64, 64, 64);\">No, seriously, <\/span><span style=\"color: rgb(240, 176, 151);\">get the book!<\/span><\/strong><\/h1>\n<h3 style=\"text-align: center;\"><strong><span style=\"color: rgb(64, 64, 64);\">(You'll just have to sign it yourself. <\/span><span style=\"color: rgb(240, 176, 151);\">In a way you'll really like!<\/span><span style=\"color: rgb(64, 64, 64);\">)<\/span><\/strong><\/h3>\n<p>I've had the idea to do it for a long time<strong> A lazy man's notebook.<\/strong> Now you can try it first. However, if I don't write a new book soon, you can!&nbsp;<\/p>\n<p style=\"text-align: left;\">\n<p style=\"text-align: left;\">...This tool will not only help you every day <em>feel better<\/em>, but also <em>plan your time<\/em> and <em>meet the objectives<\/em>. Tested in person!<\/p>\n<p style=\"text-align: left;\">\n<p style=\"text-align: left;\"><a href=\"https:\/\/debesyla.lt\/en\/new-book\/chronodex\/\" target=\"_blank\" rel=\"noopener noreferrer\">Here's how to use it.<\/a><\/p>\n<p><span style=\"width: 100%;\"><img decoding=\"async\" alt=\"\" width=\"3511\" height=\"2483\" title=\"lazy-usurious\" data-id=\"15968\" src=\"https:\/\/debesyla.lt\/wp-content\/uploads\/2019\/09\/tinginio-uzrasine.jpg\" style=\"width: 100%;\"><\/span><\/p>\n<p style=\"text-align: center;\">\u00a92019 Debesyla<\/p>","protected":false},"excerpt":{"rendered":"<p>Ha! \ud83d\ude00 Su baland\u017eio 1! \ud83d\ude09 Ne, o rimtai, imk knyg\u0105! (Tik j\u0105 pasira\u0161yti tur\u0117si savaranki\u0161kai. Taip, kad tikrai patikt\u0173!) Jau ilgai ne\u0161iojausi id\u0117j\u0105 padaryti Tinginio u\u017era\u0161in\u0119. Dabar \u2013 gali j\u0105 i\u0161bandyti pirmiausiai. Visgi, jei naujos knygos greitai nepara\u0161ysiu, tai j\u0105 gali para\u0161yti tu!&nbsp; &#8230;\u0160i priemon\u0117 pad\u0117s ne tik kasdien pasijusti geriau, bet ir planuoti [&hellip;]<\/p>\n","protected":false},"author":1,"featured_media":0,"parent":14503,"menu_order":0,"comment_status":"closed","ping_status":"closed","template":"blank-wide-page.php","meta":{"footnotes":"","tve_updated_post":"","tve_custom_css":"","tve_user_custom_css":"","tve_globals":{},"tcb2_ready":1,"tcb_editor_enabled":1,"tve_landing_page":"tcb2-atomic-video-sales-page","_tve_header":"","_tve_footer":""},"class_list":["post-14513","page","type-page","status-publish"],"_links":{"self":[{"href":"https:\/\/debesyla.lt\/en\/wp-json\/wp\/v2\/pages\/14513","targetHints":{"allow":["GET"]}}],"collection":[{"href":"https:\/\/debesyla.lt\/en\/wp-json\/wp\/v2\/pages"}],"about":[{"href":"https:\/\/debesyla.lt\/en\/wp-json\/wp\/v2\/types\/page"}],"author":[{"embeddable":true,"href":"https:\/\/debesyla.lt\/en\/wp-json\/wp\/v2\/users\/1"}],"replies":[{"embeddable":true,"href":"https:\/\/debesyla.lt\/en\/wp-json\/wp\/v2\/comments?post=14513"}],"version-history":[{"count":0,"href":"https:\/\/debesyla.lt\/en\/wp-json\/wp\/v2\/pages\/14513\/revisions"}],"up":[{"embeddable":true,"href":"https:\/\/debesyla.lt\/en\/wp-json\/wp\/v2\/pages\/14503"}],"wp:attachment":[{"href":"https:\/\/debesyla.lt\/en\/wp-json\/wp\/v2\/media?parent=14513"}],"curies":[{"name":"wp","href":"https:\/\/api.w.org\/{rel}","templated":true}]}}